

{"id":2511,"date":"2024-10-15T13:02:44","date_gmt":"2024-10-15T13:02:44","guid":{"rendered":"https:\/\/fakultet.kremicalex.com\/?page_id=2511"},"modified":"2024-12-16T14:11:56","modified_gmt":"2024-12-16T14:11:56","slug":"%d1%81%d1%82%d1%83%d0%b4%d0%b5%d0%bd%d1%81%d0%ba%d0%b5-%d1%81%d0%bb%d1%83%d0%b6%d0%b1%d0%b5","status":"publish","type":"page","link":"https:\/\/www.efb.ues.rs.ba\/en\/%d1%81%d1%82%d1%83%d0%b4%d0%b5%d0%bd%d1%81%d0%ba%d0%b5-%d1%81%d0%bb%d1%83%d0%b6%d0%b1%d0%b5\/","title":{"rendered":"Student service"},"content":{"rendered":"<div data-elementor-type=\"wp-page\" data-elementor-id=\"2511\" class=\"elementor elementor-2511\" data-elementor-post-type=\"page\">\n\t\t\t\t<div class=\"elementor-element elementor-element-0583860 e-flex e-con-boxed e-con e-parent\" data-id=\"0583860\" data-element_type=\"container\">\n\t\t\t\t\t<div class=\"e-con-inner\">\n\t\t\t\t<div class=\"elementor-element elementor-element-8889987 elementor-widget elementor-widget-heading\" data-id=\"8889987\" data-element_type=\"widget\" data-widget_type=\"heading.default\">\n\t\t\t\t<div class=\"elementor-widget-container\">\n\t\t\t<h2 class=\"elementor-heading-title elementor-size-default\">Student service<\/h2>\t\t<\/div>\n\t\t\t\t<\/div>\n\t\t\t\t<div class=\"elementor-element elementor-element-350531f elementor-widget elementor-widget-text-editor\" data-id=\"350531f\" data-element_type=\"widget\" data-widget_type=\"text-editor.default\">\n\t\t\t\t<div class=\"elementor-widget-container\">\n\t\t\t\t\t\t\t<p>The student office maintains records of candidates for enrollment in the Faculty (undergraduate and master\u2019s studies), tracks student exam results, issues various certificates and confirmations, and performs other tasks related to students.<\/p><p>The student office is managed by Aleksandra Tomi\u0107 and Ljubi\u0161a Miji\u0107 (professional associates for student affairs for the first and second cycles of study).<\/p><p>The Student Service of the Faculty is located on the ground floor of the building, in offices 3 and 4.<\/p><p>The working hours of the Student Office for students are from 10 AM to 1 PM.<\/p>\t\t\t\t\t\t<\/div>\n\t\t\t\t<\/div>\n\t\t\t\t<div class=\"elementor-element elementor-element-f85e85e elementor-widget elementor-widget-text-editor\" data-id=\"f85e85e\" data-element_type=\"widget\" data-widget_type=\"text-editor.default\">\n\t\t\t\t<div class=\"elementor-widget-container\">\n\t\t\t\t\t\t\t<p><span style=\"color: #000000;\">Contact:<\/span><\/p><p><span style=\"color: #000000;\"><strong>Aleksandra Tomi\u0107 <\/strong>049\/ 234-921\u00a0\u00a0 <a style=\"color: #000000;\" href=\"mailto:studentska.efb@gmail.com\"><strong>studentska.efb@gmail.com<\/strong><\/a>\u00a0 (first cycle)<\/span><\/p><p><span style=\"color: #000000;\"><strong>Ljubi\u0161a Miji\u0107 <\/strong>049\/ 234-920\u00a0\u00a0 <strong><a style=\"color: #000000;\" href=\"mailto:sekretarijat.efbrcko@gmail.com\">studentska.efb@gmail.com<\/a><\/strong> (second cycle)<\/span><\/p>\t\t\t\t\t\t<\/div>\n\t\t\t\t<\/div>\n\t\t\t\t\t<\/div>\n\t\t\t\t<\/div>\n\t\t\t\t<\/div>","protected":false},"excerpt":{"rendered":"<p>\u0421\u0442\u0443\u0434\u0435\u043d\u0442\u0441\u043a\u0430 \u0441\u043b\u0443\u0436\u0431\u0430 \u043e\u0431\u0430\u0432\u0459\u0430 \u0435\u0432\u0438\u0434\u0435\u043d\u0446\u0438\u0458\u0443 \u043a\u0430\u043d\u0434\u0438\u0434\u0430\u0442\u0430 \u0437\u0430 \u0443\u043f\u0438\u0441 \u043d\u0430 \u0424\u0430\u043a\u0443\u043b\u0442\u0435\u0442 (\u043e\u0441\u043d\u043e\u0432\u043d\u0435 \u00a0\u0441\u0442\u0443\u0434\u0438\u0458\u0435 \u0438 \u043c\u0430\u0441\u0442\u0435\u0440 \u0441\u0442\u0443\u0434\u0438\u0458\u0435), \u0435\u0432\u0438\u0434\u0435\u043d\u0446\u0438\u0458\u0443 \u0438\u0441\u043f\u0438\u0442\u0430 \u0441\u0442\u0443\u0434\u0435\u043d\u0430\u0442\u0430, \u0438\u0437\u0434\u0430\u0432\u0430\u045a\u0435 \u0440\u0430\u0437\u043d\u0438\u0445 \u0443\u0432\u0458\u0435\u0440\u0435\u045a\u0430 \u0438 \u043f\u043e\u0442\u0432\u0440\u0434\u0430 \u0438 \u0434\u0440\u0443\u0433\u0435 \u043f\u043e\u0441\u043b\u043e\u0432\u0435 \u0432\u0435\u0437\u0430\u043d\u0435 \u0437\u0430 \u0441\u0442\u0443\u0434\u0435\u043d\u0442\u0435. \u0421\u0442\u0443\u0434\u0435\u043d\u0442\u0441\u043a\u0443 \u0441\u043b\u0443\u0436\u0431\u0443 \u0432\u043e\u0434\u0435: \u0410\u043b\u0435\u043a\u0441\u0430\u043d\u0434\u0440\u0430 \u0422\u043e\u043c\u0438\u045b \u0438 \u0409\u0443\u0431\u0438\u0448\u0430 \u041c\u0438\u0458\u0438\u045b (\u0441\u0442\u0440\u0443\u0447\u043d\u0438 \u0441\u0430\u0440\u0430\u0434\u043d\u0438\u0446\u0438 \u0437\u0430 \u0441\u0442\u0443\u0434\u0435\u043d\u0442\u0441\u043a\u0430 \u043f\u0438\u0442\u0430\u045a\u0430 I \u0438 II \u0446\u0438\u043a\u043b\u0443\u0441\u0430 \u0441\u0442\u0443\u0434\u0438\u0458\u0430). \u0421\u0442\u0443\u0434\u0435\u043d\u0442\u0441\u043a\u0430 \u0441\u043b\u0443\u0436\u0431\u0430 \u0424\u0430\u043a\u0443\u043b\u0442\u0435\u0442\u0430 \u0441\u043c\u0458\u0435\u0448\u0442\u0435\u043d\u0430 \u0458\u0435 \u0443 \u043f\u0440\u0438\u0437\u0435\u043c\u0459\u0443 \u0437\u0433\u0440\u0430\u0434\u0435 \u0443 [&hellip;]<\/p>","protected":false},"author":2,"featured_media":0,"parent":0,"menu_order":0,"comment_status":"closed","ping_status":"closed","template":"","meta":{"footnotes":""},"folder":[],"class_list":["post-2511","page","type-page","status-publish","hentry"],"yoast_head":"<!-- This site is optimized with the Yoast SEO plugin v24.7 - https:\/\/yoast.com\/wordpress\/plugins\/seo\/ -->\n<title>\u0421\u0442\u0443\u0434\u0435\u043d\u0442\u0441\u043a\u0430 \u0441\u043b\u0443\u0436\u0431\u0430 - \u0415\u043a\u043e\u043d\u043e\u043c\u0441\u043a\u0438 \u0444\u0430\u043a\u0443\u043b\u0442\u0435\u0442 \u0411\u0440\u0447\u043a\u043e<\/title>\n<meta name=\"robots\" content=\"index, follow, max-snippet:-1, max-image-preview:large, max-video-preview:-1\" \/>\n<link rel=\"canonical\" href=\"https:\/\/www.efb.ues.rs.ba\/en\/\u0441\u0442\u0443\u0434\u0435\u043d\u0441\u043a\u0435-\u0441\u043b\u0443\u0436\u0431\u0435\/\" \/>\n<meta property=\"og:locale\" content=\"en_US\" \/>\n<meta property=\"og:type\" content=\"article\" \/>\n<meta property=\"og:title\" content=\"\u0421\u0442\u0443\u0434\u0435\u043d\u0442\u0441\u043a\u0430 \u0441\u043b\u0443\u0436\u0431\u0430 - \u0415\u043a\u043e\u043d\u043e\u043c\u0441\u043a\u0438 \u0444\u0430\u043a\u0443\u043b\u0442\u0435\u0442 \u0411\u0440\u0447\u043a\u043e\" \/>\n<meta property=\"og:description\" content=\"\u0421\u0442\u0443\u0434\u0435\u043d\u0442\u0441\u043a\u0430 \u0441\u043b\u0443\u0436\u0431\u0430 \u043e\u0431\u0430\u0432\u0459\u0430 \u0435\u0432\u0438\u0434\u0435\u043d\u0446\u0438\u0458\u0443 \u043a\u0430\u043d\u0434\u0438\u0434\u0430\u0442\u0430 \u0437\u0430 \u0443\u043f\u0438\u0441 \u043d\u0430 \u0424\u0430\u043a\u0443\u043b\u0442\u0435\u0442 (\u043e\u0441\u043d\u043e\u0432\u043d\u0435 \u00a0\u0441\u0442\u0443\u0434\u0438\u0458\u0435 \u0438 \u043c\u0430\u0441\u0442\u0435\u0440 \u0441\u0442\u0443\u0434\u0438\u0458\u0435), \u0435\u0432\u0438\u0434\u0435\u043d\u0446\u0438\u0458\u0443 \u0438\u0441\u043f\u0438\u0442\u0430 \u0441\u0442\u0443\u0434\u0435\u043d\u0430\u0442\u0430, \u0438\u0437\u0434\u0430\u0432\u0430\u045a\u0435 \u0440\u0430\u0437\u043d\u0438\u0445 \u0443\u0432\u0458\u0435\u0440\u0435\u045a\u0430 \u0438 \u043f\u043e\u0442\u0432\u0440\u0434\u0430 \u0438 \u0434\u0440\u0443\u0433\u0435 \u043f\u043e\u0441\u043b\u043e\u0432\u0435 \u0432\u0435\u0437\u0430\u043d\u0435 \u0437\u0430 \u0441\u0442\u0443\u0434\u0435\u043d\u0442\u0435. \u0421\u0442\u0443\u0434\u0435\u043d\u0442\u0441\u043a\u0443 \u0441\u043b\u0443\u0436\u0431\u0443 \u0432\u043e\u0434\u0435: \u0410\u043b\u0435\u043a\u0441\u0430\u043d\u0434\u0440\u0430 \u0422\u043e\u043c\u0438\u045b \u0438 \u0409\u0443\u0431\u0438\u0448\u0430 \u041c\u0438\u0458\u0438\u045b (\u0441\u0442\u0440\u0443\u0447\u043d\u0438 \u0441\u0430\u0440\u0430\u0434\u043d\u0438\u0446\u0438 \u0437\u0430 \u0441\u0442\u0443\u0434\u0435\u043d\u0442\u0441\u043a\u0430 \u043f\u0438\u0442\u0430\u045a\u0430 I \u0438 II \u0446\u0438\u043a\u043b\u0443\u0441\u0430 \u0441\u0442\u0443\u0434\u0438\u0458\u0430). \u0421\u0442\u0443\u0434\u0435\u043d\u0442\u0441\u043a\u0430 \u0441\u043b\u0443\u0436\u0431\u0430 \u0424\u0430\u043a\u0443\u043b\u0442\u0435\u0442\u0430 \u0441\u043c\u0458\u0435\u0448\u0442\u0435\u043d\u0430 \u0458\u0435 \u0443 \u043f\u0440\u0438\u0437\u0435\u043c\u0459\u0443 \u0437\u0433\u0440\u0430\u0434\u0435 \u0443 [&hellip;]\" \/>\n<meta property=\"og:url\" content=\"https:\/\/www.efb.ues.rs.ba\/en\/\u0441\u0442\u0443\u0434\u0435\u043d\u0441\u043a\u0435-\u0441\u043b\u0443\u0436\u0431\u0435\/\" \/>\n<meta property=\"og:site_name\" content=\"\u0415\u043a\u043e\u043d\u043e\u043c\u0441\u043a\u0438 \u0444\u0430\u043a\u0443\u043b\u0442\u0435\u0442 \u0411\u0440\u0447\u043a\u043e\" \/>\n<meta property=\"article:modified_time\" content=\"2024-12-16T14:11:56+00:00\" \/>\n<meta name=\"twitter:card\" content=\"summary_large_image\" \/>\n<script type=\"application\/ld+json\" class=\"yoast-schema-graph\">{\"@context\":\"https:\/\/schema.org\",\"@graph\":[{\"@type\":\"WebPage\",\"@id\":\"https:\/\/www.efb.ues.rs.ba\/%d1%81%d1%82%d1%83%d0%b4%d0%b5%d0%bd%d1%81%d0%ba%d0%b5-%d1%81%d0%bb%d1%83%d0%b6%d0%b1%d0%b5\/\",\"url\":\"https:\/\/www.efb.ues.rs.ba\/%d1%81%d1%82%d1%83%d0%b4%d0%b5%d0%bd%d1%81%d0%ba%d0%b5-%d1%81%d0%bb%d1%83%d0%b6%d0%b1%d0%b5\/\",\"name\":\"\u0421\u0442\u0443\u0434\u0435\u043d\u0442\u0441\u043a\u0430 \u0441\u043b\u0443\u0436\u0431\u0430 - \u0415\u043a\u043e\u043d\u043e\u043c\u0441\u043a\u0438 \u0444\u0430\u043a\u0443\u043b\u0442\u0435\u0442 \u0411\u0440\u0447\u043a\u043e\",\"isPartOf\":{\"@id\":\"https:\/\/www.efb.ues.rs.ba\/#website\"},\"datePublished\":\"2024-10-15T13:02:44+00:00\",\"dateModified\":\"2024-12-16T14:11:56+00:00\",\"breadcrumb\":{\"@id\":\"https:\/\/www.efb.ues.rs.ba\/%d1%81%d1%82%d1%83%d0%b4%d0%b5%d0%bd%d1%81%d0%ba%d0%b5-%d1%81%d0%bb%d1%83%d0%b6%d0%b1%d0%b5\/#breadcrumb\"},\"inLanguage\":\"en-US\",\"potentialAction\":[{\"@type\":\"ReadAction\",\"target\":[\"https:\/\/www.efb.ues.rs.ba\/%d1%81%d1%82%d1%83%d0%b4%d0%b5%d0%bd%d1%81%d0%ba%d0%b5-%d1%81%d0%bb%d1%83%d0%b6%d0%b1%d0%b5\/\"]}]},{\"@type\":\"BreadcrumbList\",\"@id\":\"https:\/\/www.efb.ues.rs.ba\/%d1%81%d1%82%d1%83%d0%b4%d0%b5%d0%bd%d1%81%d0%ba%d0%b5-%d1%81%d0%bb%d1%83%d0%b6%d0%b1%d0%b5\/#breadcrumb\",\"itemListElement\":[{\"@type\":\"ListItem\",\"position\":1,\"name\":\"Home\",\"item\":\"https:\/\/www.efb.ues.rs.ba\/\"},{\"@type\":\"ListItem\",\"position\":2,\"name\":\"\u0421\u0442\u0443\u0434\u0435\u043d\u0442\u0441\u043a\u0430 \u0441\u043b\u0443\u0436\u0431\u0430\"}]},{\"@type\":\"WebSite\",\"@id\":\"https:\/\/www.efb.ues.rs.ba\/#website\",\"url\":\"https:\/\/www.efb.ues.rs.ba\/\",\"name\":\"\u0415\u043a\u043e\u043d\u043e\u043c\u0441\u043a\u0438 \u0444\u0430\u043a\u0443\u043b\u0442\u0435\u0442 \u0411\u0440\u0447\u043a\u043e\",\"description\":\"\",\"publisher\":{\"@id\":\"https:\/\/www.efb.ues.rs.ba\/#organization\"},\"potentialAction\":[{\"@type\":\"SearchAction\",\"target\":{\"@type\":\"EntryPoint\",\"urlTemplate\":\"https:\/\/www.efb.ues.rs.ba\/?s={search_term_string}\"},\"query-input\":{\"@type\":\"PropertyValueSpecification\",\"valueRequired\":true,\"valueName\":\"search_term_string\"}}],\"inLanguage\":\"en-US\"},{\"@type\":\"Organization\",\"@id\":\"https:\/\/www.efb.ues.rs.ba\/#organization\",\"name\":\"\u0415\u043a\u043e\u043d\u043e\u043c\u0441\u043a\u0438 \u0444\u0430\u043a\u0443\u043b\u0442\u0435\u0442 \u0411\u0440\u0447\u043a\u043e\",\"url\":\"https:\/\/www.efb.ues.rs.ba\/\",\"logo\":{\"@type\":\"ImageObject\",\"inLanguage\":\"en-US\",\"@id\":\"https:\/\/www.efb.ues.rs.ba\/#\/schema\/logo\/image\/\",\"url\":\"https:\/\/www.efb.ues.rs.ba\/wp-content\/uploads\/2024\/07\/www.brckodanas.com-efb-logotip-1.svg\",\"contentUrl\":\"https:\/\/www.efb.ues.rs.ba\/wp-content\/uploads\/2024\/07\/www.brckodanas.com-efb-logotip-1.svg\",\"caption\":\"\u0415\u043a\u043e\u043d\u043e\u043c\u0441\u043a\u0438 \u0444\u0430\u043a\u0443\u043b\u0442\u0435\u0442 \u0411\u0440\u0447\u043a\u043e\"},\"image\":{\"@id\":\"https:\/\/www.efb.ues.rs.ba\/#\/schema\/logo\/image\/\"}}]}<\/script>\n<!-- \/ Yoast SEO plugin. -->","yoast_head_json":{"title":"\u0421\u0442\u0443\u0434\u0435\u043d\u0442\u0441\u043a\u0430 \u0441\u043b\u0443\u0436\u0431\u0430 - \u0415\u043a\u043e\u043d\u043e\u043c\u0441\u043a\u0438 \u0444\u0430\u043a\u0443\u043b\u0442\u0435\u0442 \u0411\u0440\u0447\u043a\u043e","robots":{"index":"index","follow":"follow","max-snippet":"max-snippet:-1","max-image-preview":"max-image-preview:large","max-video-preview":"max-video-preview:-1"},"canonical":"https:\/\/www.efb.ues.rs.ba\/en\/\u0441\u0442\u0443\u0434\u0435\u043d\u0441\u043a\u0435-\u0441\u043b\u0443\u0436\u0431\u0435\/","og_locale":"en_US","og_type":"article","og_title":"\u0421\u0442\u0443\u0434\u0435\u043d\u0442\u0441\u043a\u0430 \u0441\u043b\u0443\u0436\u0431\u0430 - \u0415\u043a\u043e\u043d\u043e\u043c\u0441\u043a\u0438 \u0444\u0430\u043a\u0443\u043b\u0442\u0435\u0442 \u0411\u0440\u0447\u043a\u043e","og_description":"\u0421\u0442\u0443\u0434\u0435\u043d\u0442\u0441\u043a\u0430 \u0441\u043b\u0443\u0436\u0431\u0430 \u043e\u0431\u0430\u0432\u0459\u0430 \u0435\u0432\u0438\u0434\u0435\u043d\u0446\u0438\u0458\u0443 \u043a\u0430\u043d\u0434\u0438\u0434\u0430\u0442\u0430 \u0437\u0430 \u0443\u043f\u0438\u0441 \u043d\u0430 \u0424\u0430\u043a\u0443\u043b\u0442\u0435\u0442 (\u043e\u0441\u043d\u043e\u0432\u043d\u0435 \u00a0\u0441\u0442\u0443\u0434\u0438\u0458\u0435 \u0438 \u043c\u0430\u0441\u0442\u0435\u0440 \u0441\u0442\u0443\u0434\u0438\u0458\u0435), \u0435\u0432\u0438\u0434\u0435\u043d\u0446\u0438\u0458\u0443 \u0438\u0441\u043f\u0438\u0442\u0430 \u0441\u0442\u0443\u0434\u0435\u043d\u0430\u0442\u0430, \u0438\u0437\u0434\u0430\u0432\u0430\u045a\u0435 \u0440\u0430\u0437\u043d\u0438\u0445 \u0443\u0432\u0458\u0435\u0440\u0435\u045a\u0430 \u0438 \u043f\u043e\u0442\u0432\u0440\u0434\u0430 \u0438 \u0434\u0440\u0443\u0433\u0435 \u043f\u043e\u0441\u043b\u043e\u0432\u0435 \u0432\u0435\u0437\u0430\u043d\u0435 \u0437\u0430 \u0441\u0442\u0443\u0434\u0435\u043d\u0442\u0435. \u0421\u0442\u0443\u0434\u0435\u043d\u0442\u0441\u043a\u0443 \u0441\u043b\u0443\u0436\u0431\u0443 \u0432\u043e\u0434\u0435: \u0410\u043b\u0435\u043a\u0441\u0430\u043d\u0434\u0440\u0430 \u0422\u043e\u043c\u0438\u045b \u0438 \u0409\u0443\u0431\u0438\u0448\u0430 \u041c\u0438\u0458\u0438\u045b (\u0441\u0442\u0440\u0443\u0447\u043d\u0438 \u0441\u0430\u0440\u0430\u0434\u043d\u0438\u0446\u0438 \u0437\u0430 \u0441\u0442\u0443\u0434\u0435\u043d\u0442\u0441\u043a\u0430 \u043f\u0438\u0442\u0430\u045a\u0430 I \u0438 II \u0446\u0438\u043a\u043b\u0443\u0441\u0430 \u0441\u0442\u0443\u0434\u0438\u0458\u0430). \u0421\u0442\u0443\u0434\u0435\u043d\u0442\u0441\u043a\u0430 \u0441\u043b\u0443\u0436\u0431\u0430 \u0424\u0430\u043a\u0443\u043b\u0442\u0435\u0442\u0430 \u0441\u043c\u0458\u0435\u0448\u0442\u0435\u043d\u0430 \u0458\u0435 \u0443 \u043f\u0440\u0438\u0437\u0435\u043c\u0459\u0443 \u0437\u0433\u0440\u0430\u0434\u0435 \u0443 [&hellip;]","og_url":"https:\/\/www.efb.ues.rs.ba\/en\/\u0441\u0442\u0443\u0434\u0435\u043d\u0441\u043a\u0435-\u0441\u043b\u0443\u0436\u0431\u0435\/","og_site_name":"\u0415\u043a\u043e\u043d\u043e\u043c\u0441\u043a\u0438 \u0444\u0430\u043a\u0443\u043b\u0442\u0435\u0442 \u0411\u0440\u0447\u043a\u043e","article_modified_time":"2024-12-16T14:11:56+00:00","twitter_card":"summary_large_image","schema":{"@context":"https:\/\/schema.org","@graph":[{"@type":"WebPage","@id":"https:\/\/www.efb.ues.rs.ba\/%d1%81%d1%82%d1%83%d0%b4%d0%b5%d0%bd%d1%81%d0%ba%d0%b5-%d1%81%d0%bb%d1%83%d0%b6%d0%b1%d0%b5\/","url":"https:\/\/www.efb.ues.rs.ba\/%d1%81%d1%82%d1%83%d0%b4%d0%b5%d0%bd%d1%81%d0%ba%d0%b5-%d1%81%d0%bb%d1%83%d0%b6%d0%b1%d0%b5\/","name":"\u0421\u0442\u0443\u0434\u0435\u043d\u0442\u0441\u043a\u0430 \u0441\u043b\u0443\u0436\u0431\u0430 - \u0415\u043a\u043e\u043d\u043e\u043c\u0441\u043a\u0438 \u0444\u0430\u043a\u0443\u043b\u0442\u0435\u0442 \u0411\u0440\u0447\u043a\u043e","isPartOf":{"@id":"https:\/\/www.efb.ues.rs.ba\/#website"},"datePublished":"2024-10-15T13:02:44+00:00","dateModified":"2024-12-16T14:11:56+00:00","breadcrumb":{"@id":"https:\/\/www.efb.ues.rs.ba\/%d1%81%d1%82%d1%83%d0%b4%d0%b5%d0%bd%d1%81%d0%ba%d0%b5-%d1%81%d0%bb%d1%83%d0%b6%d0%b1%d0%b5\/#breadcrumb"},"inLanguage":"en-US","potentialAction":[{"@type":"ReadAction","target":["https:\/\/www.efb.ues.rs.ba\/%d1%81%d1%82%d1%83%d0%b4%d0%b5%d0%bd%d1%81%d0%ba%d0%b5-%d1%81%d0%bb%d1%83%d0%b6%d0%b1%d0%b5\/"]}]},{"@type":"BreadcrumbList","@id":"https:\/\/www.efb.ues.rs.ba\/%d1%81%d1%82%d1%83%d0%b4%d0%b5%d0%bd%d1%81%d0%ba%d0%b5-%d1%81%d0%bb%d1%83%d0%b6%d0%b1%d0%b5\/#breadcrumb","itemListElement":[{"@type":"ListItem","position":1,"name":"Home","item":"https:\/\/www.efb.ues.rs.ba\/"},{"@type":"ListItem","position":2,"name":"\u0421\u0442\u0443\u0434\u0435\u043d\u0442\u0441\u043a\u0430 \u0441\u043b\u0443\u0436\u0431\u0430"}]},{"@type":"WebSite","@id":"https:\/\/www.efb.ues.rs.ba\/#website","url":"https:\/\/www.efb.ues.rs.ba\/","name":"\u0415\u043a\u043e\u043d\u043e\u043c\u0441\u043a\u0438 \u0444\u0430\u043a\u0443\u043b\u0442\u0435\u0442 \u0411\u0440\u0447\u043a\u043e","description":"","publisher":{"@id":"https:\/\/www.efb.ues.rs.ba\/#organization"},"potentialAction":[{"@type":"SearchAction","target":{"@type":"EntryPoint","urlTemplate":"https:\/\/www.efb.ues.rs.ba\/?s={search_term_string}"},"query-input":{"@type":"PropertyValueSpecification","valueRequired":true,"valueName":"search_term_string"}}],"inLanguage":"en-US"},{"@type":"Organization","@id":"https:\/\/www.efb.ues.rs.ba\/#organization","name":"\u0415\u043a\u043e\u043d\u043e\u043c\u0441\u043a\u0438 \u0444\u0430\u043a\u0443\u043b\u0442\u0435\u0442 \u0411\u0440\u0447\u043a\u043e","url":"https:\/\/www.efb.ues.rs.ba\/","logo":{"@type":"ImageObject","inLanguage":"en-US","@id":"https:\/\/www.efb.ues.rs.ba\/#\/schema\/logo\/image\/","url":"https:\/\/www.efb.ues.rs.ba\/wp-content\/uploads\/2024\/07\/www.brckodanas.com-efb-logotip-1.svg","contentUrl":"https:\/\/www.efb.ues.rs.ba\/wp-content\/uploads\/2024\/07\/www.brckodanas.com-efb-logotip-1.svg","caption":"\u0415\u043a\u043e\u043d\u043e\u043c\u0441\u043a\u0438 \u0444\u0430\u043a\u0443\u043b\u0442\u0435\u0442 \u0411\u0440\u0447\u043a\u043e"},"image":{"@id":"https:\/\/www.efb.ues.rs.ba\/#\/schema\/logo\/image\/"}}]}},"_links":{"self":[{"href":"https:\/\/www.efb.ues.rs.ba\/en\/wp-json\/wp\/v2\/pages\/2511"}],"collection":[{"href":"https:\/\/www.efb.ues.rs.ba\/en\/wp-json\/wp\/v2\/pages"}],"about":[{"href":"https:\/\/www.efb.ues.rs.ba\/en\/wp-json\/wp\/v2\/types\/page"}],"author":[{"embeddable":true,"href":"https:\/\/www.efb.ues.rs.ba\/en\/wp-json\/wp\/v2\/users\/2"}],"replies":[{"embeddable":true,"href":"https:\/\/www.efb.ues.rs.ba\/en\/wp-json\/wp\/v2\/comments?post=2511"}],"version-history":[{"count":23,"href":"https:\/\/www.efb.ues.rs.ba\/en\/wp-json\/wp\/v2\/pages\/2511\/revisions"}],"predecessor-version":[{"id":4761,"href":"https:\/\/www.efb.ues.rs.ba\/en\/wp-json\/wp\/v2\/pages\/2511\/revisions\/4761"}],"wp:attachment":[{"href":"https:\/\/www.efb.ues.rs.ba\/en\/wp-json\/wp\/v2\/media?parent=2511"}],"wp:term":[{"taxonomy":"folder","embeddable":true,"href":"https:\/\/www.efb.ues.rs.ba\/en\/wp-json\/wp\/v2\/folder?post=2511"}],"curies":[{"name":"wp","href":"https:\/\/api.w.org\/{rel}","templated":true}]}}