

{"id":629,"date":"2024-09-11T13:05:10","date_gmt":"2024-09-11T13:05:10","guid":{"rendered":"https:\/\/fakultet.kremicalex.com\/?page_id=629"},"modified":"2026-04-07T14:18:14","modified_gmt":"2026-04-07T12:18:14","slug":"%d0%ba%d0%be%d0%bd%d1%82%d0%b0%d0%ba%d1%82","status":"publish","type":"page","link":"https:\/\/www.efb.ues.rs.ba\/en\/%d0%ba%d0%be%d0%bd%d1%82%d0%b0%d0%ba%d1%82\/","title":{"rendered":"Contact"},"content":{"rendered":"<div data-elementor-type=\"wp-page\" data-elementor-id=\"629\" class=\"elementor elementor-629\" data-elementor-post-type=\"page\">\n\t\t\t\t<div class=\"elementor-element elementor-element-99ed673 e-con-full e-flex e-con e-parent\" data-id=\"99ed673\" data-element_type=\"container\">\n\t\t<div class=\"elementor-element elementor-element-9e52f24 e-con-full e-flex e-con e-child\" data-id=\"9e52f24\" data-element_type=\"container\">\n\t\t\t\t<div class=\"elementor-element elementor-element-ed4252d elementor-widget elementor-widget-heading\" data-id=\"ed4252d\" data-element_type=\"widget\" data-widget_type=\"heading.default\">\n\t\t\t\t<div class=\"elementor-widget-container\">\n\t\t\t<h2 class=\"elementor-heading-title elementor-size-default\">Contact Page of the Faculty of Economics Br\u010dko (EFB)<\/h2>\t\t<\/div>\n\t\t\t\t<\/div>\n\t\t<div class=\"elementor-element elementor-element-643b1d2 e-con-full e-flex e-con e-child\" data-id=\"643b1d2\" data-element_type=\"container\">\n\t\t\t\t<div class=\"elementor-element elementor-element-fb70d26 elementor-widget elementor-widget-text-editor\" data-id=\"fb70d26\" data-element_type=\"widget\" data-widget_type=\"text-editor.default\">\n\t\t\t\t<div class=\"elementor-widget-container\">\n\t\t\t\t\t\t\tStudentska 11, 76100 Br\u010dko District of Bosnia and Herzegovina.\t\t\t\t\t\t<\/div>\n\t\t\t\t<\/div>\n\t\t\t\t<\/div>\n\t\t\t\t<\/div>\n\t\t\t\t<\/div>\n\t\t<div class=\"elementor-element elementor-element-1e9a900 e-con-full e-flex e-con e-parent\" data-id=\"1e9a900\" data-element_type=\"container\">\n\t\t<div class=\"elementor-element elementor-element-2304190 e-con-full e-flex e-con e-child\" data-id=\"2304190\" data-element_type=\"container\">\n\t\t\t\t<div class=\"elementor-element elementor-element-08c21dc elementor-widget elementor-widget-heading\" data-id=\"08c21dc\" data-element_type=\"widget\" data-widget_type=\"heading.default\">\n\t\t\t\t<div class=\"elementor-widget-container\">\n\t\t\t<h2 class=\"elementor-heading-title elementor-size-default\">Contacts<\/h2>\t\t<\/div>\n\t\t\t\t<\/div>\n\t\t<div class=\"elementor-element elementor-element-6e54ff1 e-con-full e-flex e-con e-child\" data-id=\"6e54ff1\" data-element_type=\"container\">\n\t\t\t\t<div class=\"elementor-element elementor-element-c67853a elementor-widget elementor-widget-text-editor\" data-id=\"c67853a\" data-element_type=\"widget\" data-widget_type=\"text-editor.default\">\n\t\t\t\t<div class=\"elementor-widget-container\">\n\t\t\t\t\t\t\tTelephone Switchboard 049 234 931\t\t\t\t\t\t<\/div>\n\t\t\t\t<\/div>\n\t\t\t\t<\/div>\n\t\t\t\t<\/div>\n\t\t\t\t<\/div>\n\t\t<div class=\"elementor-element elementor-element-588b39b e-flex e-con-boxed e-con e-parent\" data-id=\"588b39b\" data-element_type=\"container\">\n\t\t\t\t\t<div class=\"e-con-inner\">\n\t\t\t\t<div class=\"elementor-element elementor-element-0e5e82e elementor-widget elementor-widget-html\" data-id=\"0e5e82e\" data-element_type=\"widget\" data-widget_type=\"html.default\">\n\t\t\t\t<div class=\"elementor-widget-container\">\n\t\t\t<section class=\"responsive-table-section\">\n  <div class=\"table-container\">\n    <table>\n      <thead>\n        <tr>\n          <th>DEPARTMENTS\/PROFESSORS\/ASSISTANTS<\/th>\n          <th>OFFICE<\/th>\n          <th>LOCAL<\/th>\n          <th>DIRECT NUMBER<\/th>\n          <th>FAX<\/th>\n          <th>EMAIL<\/th>\n        <\/tr>\n      <\/thead>\n      <tbody>\n        <tr>\n          <td>Dean of the Faculty \u2013 Prof. Dr. Sr\u0111an Lali\u0107.<\/td>\n          <td>1<\/td>\n          <td>234-900<\/td>\n          <td>234-902<\/td>\n          <td><\/td>\n          <td>srdjan.lalic.efb@gmail.com<\/td>\n        <\/tr>\n        <tr>\n          <td>Dean's Office \u2013 Aleksandra Simi\u0107.<\/td>\n          <td>1<\/td>\n          <td>234-940<\/td>\n          <td>234-890<\/td>\n          <td><\/td>\n          <td>dekanat@efb.ues.rs.ba<\/td>\n        <\/tr>\n         <tr>\n          <td>Secretary of the Faculty \u2013 Vesna Simi\u0107.<\/td>\n          <td>2<\/td>\n          <td>103<\/td>\n          <td>230-270<\/td>\n          <td><\/td>\n          <td>sekretarijat@efb.ues.rs.ba<br>\n          nabavka@efb.ues.rs.ba\n<\/td>\n\n        <\/tr>\n         <tr>\n          <td>Vice Dean for Teaching \u2013 Prof. Dr. Lejla Terzi\u0107.<\/td>\n          <td>107<\/td>\n          <td>222<\/td>\n          <td>049\/234-931<\/td>\n          <td><\/td>\n          <td>lejla.terzic@efb.ues.rs.ba<\/td>\n        <\/tr>\n         <tr>\n          <td>\u041f\u0440\u043e\u0434\u0435\u043a\u0430\u043d \u0437\u0430 \u043d\u0430\u0443\u0447\u043d\u043e-\u0438\u0441\u0442\u0440\u0430\u0436\u0438\u0432\u0430\u0447\u043a\u0438 \u0440\u0430\u0434 \u2013 \u0414\u043e\u0446. \u0434\u0440 \u0414\u0435\u0458\u0430\u043d \u0422\u0435\u0448\u0438\u045b<\/td>\n          <td>112<\/td>\n          <td>119<\/td>\n          <td>049\/234-931<\/td>\n          <td><\/td>\n          <td>dejan.tesic@efb.ues.rs.ba<\/td>\n        <\/tr>\n        <tr>\n          <td>Student Services \u2013 Aleksandra Tomi\u0107.<\/td>\n          <td>3<\/td>\n          <td>102<\/td>\n          <td>234-921<\/td>\n          <td><\/td>\n          <td>studentska.sluzba@efb.ues.rs.ba<\/td>\n        <\/tr>\n        <tr>\n          <td>Student Services \u2013 Ljubi\u0161a Miji\u0107.<\/td>\n          <td>4<\/td>\n          <td>102<\/td>\n          <td>234-920<\/td>\n          <td>234-922<\/td>\n          <td>studentska.sluzba@efb.ues.rs.ba<\/td>\n        <\/tr>\n        <tr>\n          <td>Senior Professional Associate for Financial and Accounting Affairs \u2013 Dragana Bo\u017ei\u0107.<\/td>\n          <td>5<\/td>\n          <td><\/td>\n          <td>234-910<\/td>\n          <td>234-912<\/td>\n          <td>racunovodstvo@efb.ues.rs.ba<\/td>\n        <\/tr>\n        <tr>\n          <td>Computer Center \u2013 Goran Dostani\u0107.<\/td>\n          <td>119<\/td>\n          <td>220<\/td>\n          <td><\/td>\n          <td><\/td>\n          <td>racunarski.centar@efb.ues.rs.ba<\/td>\n        <\/tr>\n        <tr>\n          <td>Library \u2013 Natalija Laki\u0107.<\/td>\n          <td><\/td>\n          <td>110<\/td>\n          <td><\/td>\n          <td><\/td>\n          <td>biblioteka@efb.ues.rs.ba<\/td>\n        <\/tr>\n        <tr>\n          <td>Information \u2013 Bo\u017eana \u0110or\u0111evi\u0107.<\/td>\n          <td><\/td>\n          <td>101<\/td>\n          <td><\/td>\n          <td><\/td>\n          <td>informacije@efb.ues.rs.ba<\/td>\n        <\/tr>\n        \n         <tr>\n          <td>Switchboard.<\/td>\n          <td><\/td>\n          <td><\/td>\n          <td>234-931<\/td>\n          <td><\/td>\n          <td><\/td>\n        <\/tr>\n        <tr>\n          <td>SSEFB<\/td>\n          <td>7<\/td>\n          <td>116<\/td>\n          <td><\/td>\n          <td><\/td>\n          <td><\/td>\n        <\/tr>\n        <tr>\n          <td>Maintenance Service.<\/td>\n          <td>8<\/td>\n          <td>224<\/td>\n          <td><\/td>\n          <td><\/td>\n          <td><\/td>\n        <\/tr>\n          <td colspan=\"6\" style=\"text-align: center; font-weight: bold; font-size:1.3rem\">\n        \n            Professors<\/td>\n        <\/tr>\n        <!-- Profesori i asistenti -->\n        <tr>\n          <td>Prof. dr Sr\u0111an Lali\u0107<\/td>\n          <td>118<\/td>\n          <td><\/td>\n          <td><\/td>\n          <td><\/td>\n          <td>srdjan.lalic@efb.ues.rs.ba<\/td>\n        <\/tr>\n        <tr>\n          <td>Prof. dr Stevan Stevi\u0107<\/td>\n          <td>116<\/td>\n          <td>113<\/td>\n          <td><\/td>\n          <td><\/td>\n          <td>stevan.stevic@efb.ues.rs.ba<\/td>\n        <\/tr>\n        <tr>\n          <td>Prof. dr Mom\u010dilo Polji\u0107<\/td>\n          <td>112<\/td>\n          <td>119<\/td>\n          <td><\/td>\n          <td><\/td>\n          <td>momcilo.poljic@efb.ues.rs.ba<\/td>\n        <\/tr>\n        <tr>\n          <td>Prof. dr Teodor Petrovi\u0107<\/td>\n          <td>105<\/td>\n          <td>120<\/td>\n          <td><\/td>\n          <td><\/td>\n          <td>teodor.petrovic@efb.ues.rs.ba<\/td>\n        <\/tr>\n        <tr>\n          <td>Prof. dr Lejla Terzi\u0107<\/td>\n          <td>107<\/td>\n          <td>222<\/td>\n          <td><\/td>\n          <td><\/td>\n          <td>lejla.terzic@efb.ues.rs.ba<\/td>\n        <\/tr>\n        <tr>\n          <td>Prof. Dr. Nermina Pobri\u0107<\/td>\n          <td>102<\/td>\n          <td>219<\/td>\n          <td><\/td>\n          <td><\/td>\n          <td>nermina.pobric@efb.ues.rs.ba<\/td>\n        <\/tr>\n        <tr>\n          <td>Prof. dr Cviko Jeki\u0107<\/td>\n          <td>101<\/td>\n          <td>123<\/td>\n          <td><\/td>\n          <td><\/td>\n          <td>cviko.jekic@efb.ues.rs.ba<\/td>\n        <\/tr>\n        <tr>\n          <td>Prof. dr Amira Pobri\u0107<\/td>\n          <td>103<\/td>\n          <td>223<\/td>\n          <td><\/td>\n          <td><\/td>\n          <td>amira.pobric@gmail.com<\/td>\n        <\/tr>\n        <tr>\n          <td>Prof. dr Renata Lu\u010di\u0107<\/td>\n          <td>104<\/td>\n          <td>109<\/td>\n          <td><\/td>\n          <td><\/td>\n          <td>renata.lucic.efb@gmail.com<\/td>\n        <\/tr>\n        <tr>\n          <td>\u041f\u0440\u043e\u0444. \u0434\u0440 \u0409\u0438\u0459\u0430\u043d\u0430 \u0422\u0430\u043d\u0430\u0441\u0438\u045b<\/td>\n          <td>111<\/td>\n          <td>122<\/td>\n          <td><\/td>\n          <td><\/td>\n          <td>ljiljana.tanasic@efb.ues.rs.ba<\/td>\n        <\/tr>\n        <tr>\n          <td>\u0414\u043e\u0446. \u0434\u0440 \u0411\u043e\u0458\u0430\u043d \u041c\u0435\u0452\u0435\u0434\u043e\u0432\u0438\u045b<\/td>\n          <td>114<\/td>\n          <td><\/td>\n          <td><\/td>\n          <td><\/td>\n          <td>bojan.medjedovic@efb.ues.rs.ba<\/td>\n        <\/tr>\n        <tr>\n          <td>Doc. dr Lidija Mitra\u0161evi\u0107<\/td>\n          <td>115<\/td>\n          <td>118<\/td>\n          <td><\/td>\n          <td><\/td>\n          <td>lidija.mitrasevic@efb.ues.rs.ba<\/td>\n        <\/tr>\n        <tr>\n          <td>Doc. dr Dejan Te\u0161i\u0107<\/td>\n          <td>112<\/td>\n          <td>119<\/td>\n          <td><\/td>\n          <td><\/td>\n          <td>dejan.tesic@efb.ues.rs.ba<\/td>\n        <\/tr>\n        <tr>\n          <td>Mr Snje\u017eana Zari\u0107<\/td>\n          <td>113<\/td>\n          <td>221<\/td>\n          <td><\/td>\n          <td><\/td>\n          <td>sn\u0458ezana.zaric@efb.ues.rs.ba<\/td>\n        <\/tr>\n        <tr>\n          <td>Mr Neda Te\u0161i\u0107<\/td>\n          <td><\/td>\n          <td>109<\/td>\n          <td><\/td>\n          <td><\/td>\n          <td>neda.tesic@efb.ues.rs.ba<\/td>\n        <\/tr>\n         <td colspan=\"6\" style=\"text-align: center; font-weight: bold; font-size:1.3rem\">\n        \n            External Collaborators.<\/td>\n        \n        <tr>\n          <td>\u0412\u043b\u0430\u0434\u0438\u043c\u0438\u0440 \u0412\u0443\u043b\u0435\u0442\u0438\u045b<\/td>\n          <td><\/td>\n          <td><\/td>\n          <td><\/td>\n          <td><\/td>\n          <td>vlada.vuletic@gmail.com<\/td>\n        <\/tr>\n        <tr>\n          <td>Prof. dr Zehra Nurkanovi\u0107<\/td>\n          <td><\/td>\n          <td><\/td>\n          <td><\/td>\n          <td><\/td>\n          <td>zehra.nurkanovic@untz.ba<\/td>\n        <\/tr>\n        <tr>\n          <td>Prof. dr Vesna Petrovi\u0107<\/td>\n          <td><\/td>\n          <td><\/td>\n          <td><\/td>\n          <td><\/td>\n          <td>vesna.petrovic@fpe.unssa.rs.ba<\/td>\n        <\/tr>\n        <tr>\n          <td>\u041f\u0440\u043e\u0444. \u0434\u0440 \u041d\u0435\u043d\u0430\u0434 \u041c\u0430\u0440\u043a\u043e\u0432\u0438\u045b<\/td>\n          <td><\/td>\n          <td><\/td>\n          <td><\/td>\n          <td><\/td>\n          <td>markonen@ues.rs.ba<\/td>\n        <\/tr>\n        <tr>\n          <td>\u0421\u0440\u0452\u0430\u043d \u0414\u0430\u043c\u0458\u0430\u043d\u043e\u0432\u0438\u045b<\/td>\n          <td><\/td>\n          <td><\/td>\n          <td><\/td>\n          <td><\/td>\n          <td>srdjan.damjanovic@fpe.ues.rs.ba<\/td>\n        <\/tr>\n        <tr>\n          <td>Prof. dr Zoran Vasiljevi\u0107<\/td>\n          <td><\/td>\n          <td><\/td>\n          <td><\/td>\n          <td><\/td>\n          <td>zoran.vasiljevic@pf.unibl.org<\/td>\n        <\/tr>\n        <tr>\n          <td>\u0414\u043e\u0446. \u0434\u0440 \u0421\u0438\u043d\u0438\u0448\u0430 \u0411\u043e\u0436\u0438\u0447\u043a\u043e\u0432\u0438\u045b<\/td>\n          <td><\/td>\n          <td><\/td>\n          <td><\/td>\n          <td><\/td>\n          <td><\/td>\n        <\/tr>\n        <tr>\n          <td>\u041f\u0440\u0435\u0434\u0440\u0430\u0433 \u041a\u0430\u0442\u0430\u043d\u0438\u045b<\/td>\n          <td><\/td>\n          <td><\/td>\n          <td><\/td>\n          <td><\/td>\n          <td>predrag.katanic@fpe.ues.rs.ba<\/td>\n        <\/tr>\n      <\/tbody>\n    <\/table>\n  <\/div>\n<\/section>\n\t\t<\/div>\n\t\t\t\t<\/div>\n\t\t\t\t\t<\/div>\n\t\t\t\t<\/div>\n\t\t\t\t<\/div>","protected":false},"excerpt":{"rendered":"<p>\u041a\u043e\u043d\u0442\u0430\u043a\u0442 \u0441\u0442\u0440\u0430\u043d\u0438\u0446\u0430 \u0415\u0424\u0411 \u0421\u0442\u0443\u0434\u0435\u043d\u0442\u0441\u043a\u0430 11, 76100 \u0411\u0440\u0447\u043a\u043e \u0434\u0438\u0441\u0442\u0440\u0438\u043a\u0442 \u0411\u043e\u0441\u043d\u0435 \u0438 \u0425\u0435\u0440\u0446\u0435\u0433\u043e\u0432\u0438\u043d\u0435 \u041a\u043e\u043d\u0442\u0430\u043a\u0442\u0438 \u0426\u0435\u043d\u0442\u0440\u0430\u043b\u0430 049 234 931 \u0421\u041b\u0423\u0416\u0411\u0415\/\u041f\u0420\u041e\u0424\u0415\u0421\u041e\u0420\u0418\/\u0410\u0421\u0418\u0421\u0422\u0415\u041d\u0422\u0418 \u041a\u0410\u0411\u0418\u041d\u0415\u0422 \u041b\u041eK\u0410\u041b \u0414\u0418\u0420\u0415\u041a\u0422\u0410\u041d \u0411\u0420\u041e\u0408 \u0424\u0410\u041a\u0421 E\u041c\u0410\u0418\u041b \u0414\u0435\u043a\u0430\u043d \u0424\u0430\u043a\u0443\u043b\u0442\u0435\u0442\u0430 \u2013 \u041f\u0440\u043e\u0444. \u0434\u0440 \u0421\u0440\u0452\u0430\u043d \u041b\u0430\u043b\u0438\u045b 1 234-900 234-902 srdjan.lalic.efb@gmail.com \u0414\u0435\u043a\u0430\u043d\u0430\u0442 \u2013 \u0410\u043b\u0435\u043a\u0441\u0430\u043d\u0434\u0440\u0430 \u0421\u0438\u043c\u0438\u045b 1 234-940 234-890 dekanat@efb.ues.rs.ba \u0421\u0435\u043a\u0440\u0435\u0442\u0430\u0440 \u0424\u0430\u043a\u0443\u043b\u0442\u0435\u0442\u0430 \u2013 \u0412\u0435\u0441\u043d\u0430 \u0421\u0438\u043c\u0438\u045b 2 103 230-270 sekretarijat@efb.ues.rs.ba nabavka@efb.ues.rs.ba \u041f\u0440\u043e\u0434\u0435\u043a\u0430\u043d \u0437\u0430 \u043d\u0430\u0441\u0442\u0430\u0432\u0443 [&hellip;]<\/p>","protected":false},"author":2,"featured_media":0,"parent":0,"menu_order":0,"comment_status":"closed","ping_status":"closed","template":"","meta":{"footnotes":""},"folder":[],"class_list":["post-629","page","type-page","status-publish","hentry"],"yoast_head":"<!-- This site is optimized with the Yoast SEO plugin v24.7 - https:\/\/yoast.com\/wordpress\/plugins\/seo\/ -->\n<title>\u041a\u043e\u043d\u0442\u0430\u043a\u0442 - \u0415\u043a\u043e\u043d\u043e\u043c\u0441\u043a\u0438 \u0444\u0430\u043a\u0443\u043b\u0442\u0435\u0442 \u0411\u0440\u0447\u043a\u043e<\/title>\n<meta name=\"robots\" content=\"index, follow, max-snippet:-1, max-image-preview:large, max-video-preview:-1\" \/>\n<link rel=\"canonical\" href=\"https:\/\/www.efb.ues.rs.ba\/en\/\u043a\u043e\u043d\u0442\u0430\u043a\u0442\/\" \/>\n<meta property=\"og:locale\" content=\"en_US\" \/>\n<meta property=\"og:type\" content=\"article\" \/>\n<meta property=\"og:title\" content=\"\u041a\u043e\u043d\u0442\u0430\u043a\u0442 - \u0415\u043a\u043e\u043d\u043e\u043c\u0441\u043a\u0438 \u0444\u0430\u043a\u0443\u043b\u0442\u0435\u0442 \u0411\u0440\u0447\u043a\u043e\" \/>\n<meta property=\"og:description\" content=\"\u041a\u043e\u043d\u0442\u0430\u043a\u0442 \u0441\u0442\u0440\u0430\u043d\u0438\u0446\u0430 \u0415\u0424\u0411 \u0421\u0442\u0443\u0434\u0435\u043d\u0442\u0441\u043a\u0430 11, 76100 \u0411\u0440\u0447\u043a\u043e \u0434\u0438\u0441\u0442\u0440\u0438\u043a\u0442 \u0411\u043e\u0441\u043d\u0435 \u0438 \u0425\u0435\u0440\u0446\u0435\u0433\u043e\u0432\u0438\u043d\u0435 \u041a\u043e\u043d\u0442\u0430\u043a\u0442\u0438 \u0426\u0435\u043d\u0442\u0440\u0430\u043b\u0430 049 234 931 \u0421\u041b\u0423\u0416\u0411\u0415\/\u041f\u0420\u041e\u0424\u0415\u0421\u041e\u0420\u0418\/\u0410\u0421\u0418\u0421\u0422\u0415\u041d\u0422\u0418 \u041a\u0410\u0411\u0418\u041d\u0415\u0422 \u041b\u041eK\u0410\u041b \u0414\u0418\u0420\u0415\u041a\u0422\u0410\u041d \u0411\u0420\u041e\u0408 \u0424\u0410\u041a\u0421 E\u041c\u0410\u0418\u041b \u0414\u0435\u043a\u0430\u043d \u0424\u0430\u043a\u0443\u043b\u0442\u0435\u0442\u0430 \u2013 \u041f\u0440\u043e\u0444. \u0434\u0440 \u0421\u0440\u0452\u0430\u043d \u041b\u0430\u043b\u0438\u045b 1 234-900 234-902 srdjan.lalic.efb@gmail.com \u0414\u0435\u043a\u0430\u043d\u0430\u0442 \u2013 \u0410\u043b\u0435\u043a\u0441\u0430\u043d\u0434\u0440\u0430 \u0421\u0438\u043c\u0438\u045b 1 234-940 234-890 dekanat@efb.ues.rs.ba \u0421\u0435\u043a\u0440\u0435\u0442\u0430\u0440 \u0424\u0430\u043a\u0443\u043b\u0442\u0435\u0442\u0430 \u2013 \u0412\u0435\u0441\u043d\u0430 \u0421\u0438\u043c\u0438\u045b 2 103 230-270 sekretarijat@efb.ues.rs.ba nabavka@efb.ues.rs.ba \u041f\u0440\u043e\u0434\u0435\u043a\u0430\u043d \u0437\u0430 \u043d\u0430\u0441\u0442\u0430\u0432\u0443 [&hellip;]\" \/>\n<meta property=\"og:url\" content=\"https:\/\/www.efb.ues.rs.ba\/en\/\u043a\u043e\u043d\u0442\u0430\u043a\u0442\/\" \/>\n<meta property=\"og:site_name\" content=\"\u0415\u043a\u043e\u043d\u043e\u043c\u0441\u043a\u0438 \u0444\u0430\u043a\u0443\u043b\u0442\u0435\u0442 \u0411\u0440\u0447\u043a\u043e\" \/>\n<meta property=\"article:modified_time\" content=\"2026-04-07T12:18:14+00:00\" \/>\n<meta name=\"twitter:card\" content=\"summary_large_image\" \/>\n<meta name=\"twitter:label1\" content=\"Est. reading time\" \/>\n\t<meta name=\"twitter:data1\" content=\"2 minutes\" \/>\n<script type=\"application\/ld+json\" class=\"yoast-schema-graph\">{\"@context\":\"https:\/\/schema.org\",\"@graph\":[{\"@type\":\"WebPage\",\"@id\":\"https:\/\/www.efb.ues.rs.ba\/%d0%ba%d0%be%d0%bd%d1%82%d0%b0%d0%ba%d1%82\/\",\"url\":\"https:\/\/www.efb.ues.rs.ba\/%d0%ba%d0%be%d0%bd%d1%82%d0%b0%d0%ba%d1%82\/\",\"name\":\"\u041a\u043e\u043d\u0442\u0430\u043a\u0442 - \u0415\u043a\u043e\u043d\u043e\u043c\u0441\u043a\u0438 \u0444\u0430\u043a\u0443\u043b\u0442\u0435\u0442 \u0411\u0440\u0447\u043a\u043e\",\"isPartOf\":{\"@id\":\"https:\/\/www.efb.ues.rs.ba\/#website\"},\"datePublished\":\"2024-09-11T13:05:10+00:00\",\"dateModified\":\"2026-04-07T12:18:14+00:00\",\"breadcrumb\":{\"@id\":\"https:\/\/www.efb.ues.rs.ba\/%d0%ba%d0%be%d0%bd%d1%82%d0%b0%d0%ba%d1%82\/#breadcrumb\"},\"inLanguage\":\"en-US\",\"potentialAction\":[{\"@type\":\"ReadAction\",\"target\":[\"https:\/\/www.efb.ues.rs.ba\/%d0%ba%d0%be%d0%bd%d1%82%d0%b0%d0%ba%d1%82\/\"]}]},{\"@type\":\"BreadcrumbList\",\"@id\":\"https:\/\/www.efb.ues.rs.ba\/%d0%ba%d0%be%d0%bd%d1%82%d0%b0%d0%ba%d1%82\/#breadcrumb\",\"itemListElement\":[{\"@type\":\"ListItem\",\"position\":1,\"name\":\"Home\",\"item\":\"https:\/\/www.efb.ues.rs.ba\/\"},{\"@type\":\"ListItem\",\"position\":2,\"name\":\"\u041a\u043e\u043d\u0442\u0430\u043a\u0442\"}]},{\"@type\":\"WebSite\",\"@id\":\"https:\/\/www.efb.ues.rs.ba\/#website\",\"url\":\"https:\/\/www.efb.ues.rs.ba\/\",\"name\":\"\u0415\u043a\u043e\u043d\u043e\u043c\u0441\u043a\u0438 \u0444\u0430\u043a\u0443\u043b\u0442\u0435\u0442 \u0411\u0440\u0447\u043a\u043e\",\"description\":\"\",\"publisher\":{\"@id\":\"https:\/\/www.efb.ues.rs.ba\/#organization\"},\"potentialAction\":[{\"@type\":\"SearchAction\",\"target\":{\"@type\":\"EntryPoint\",\"urlTemplate\":\"https:\/\/www.efb.ues.rs.ba\/?s={search_term_string}\"},\"query-input\":{\"@type\":\"PropertyValueSpecification\",\"valueRequired\":true,\"valueName\":\"search_term_string\"}}],\"inLanguage\":\"en-US\"},{\"@type\":\"Organization\",\"@id\":\"https:\/\/www.efb.ues.rs.ba\/#organization\",\"name\":\"\u0415\u043a\u043e\u043d\u043e\u043c\u0441\u043a\u0438 \u0444\u0430\u043a\u0443\u043b\u0442\u0435\u0442 \u0411\u0440\u0447\u043a\u043e\",\"url\":\"https:\/\/www.efb.ues.rs.ba\/\",\"logo\":{\"@type\":\"ImageObject\",\"inLanguage\":\"en-US\",\"@id\":\"https:\/\/www.efb.ues.rs.ba\/#\/schema\/logo\/image\/\",\"url\":\"https:\/\/www.efb.ues.rs.ba\/wp-content\/uploads\/2024\/07\/www.brckodanas.com-efb-logotip-1.svg\",\"contentUrl\":\"https:\/\/www.efb.ues.rs.ba\/wp-content\/uploads\/2024\/07\/www.brckodanas.com-efb-logotip-1.svg\",\"caption\":\"\u0415\u043a\u043e\u043d\u043e\u043c\u0441\u043a\u0438 \u0444\u0430\u043a\u0443\u043b\u0442\u0435\u0442 \u0411\u0440\u0447\u043a\u043e\"},\"image\":{\"@id\":\"https:\/\/www.efb.ues.rs.ba\/#\/schema\/logo\/image\/\"}}]}<\/script>\n<!-- \/ Yoast SEO plugin. -->","yoast_head_json":{"title":"\u041a\u043e\u043d\u0442\u0430\u043a\u0442 - \u0415\u043a\u043e\u043d\u043e\u043c\u0441\u043a\u0438 \u0444\u0430\u043a\u0443\u043b\u0442\u0435\u0442 \u0411\u0440\u0447\u043a\u043e","robots":{"index":"index","follow":"follow","max-snippet":"max-snippet:-1","max-image-preview":"max-image-preview:large","max-video-preview":"max-video-preview:-1"},"canonical":"https:\/\/www.efb.ues.rs.ba\/en\/\u043a\u043e\u043d\u0442\u0430\u043a\u0442\/","og_locale":"en_US","og_type":"article","og_title":"\u041a\u043e\u043d\u0442\u0430\u043a\u0442 - \u0415\u043a\u043e\u043d\u043e\u043c\u0441\u043a\u0438 \u0444\u0430\u043a\u0443\u043b\u0442\u0435\u0442 \u0411\u0440\u0447\u043a\u043e","og_description":"\u041a\u043e\u043d\u0442\u0430\u043a\u0442 \u0441\u0442\u0440\u0430\u043d\u0438\u0446\u0430 \u0415\u0424\u0411 \u0421\u0442\u0443\u0434\u0435\u043d\u0442\u0441\u043a\u0430 11, 76100 \u0411\u0440\u0447\u043a\u043e \u0434\u0438\u0441\u0442\u0440\u0438\u043a\u0442 \u0411\u043e\u0441\u043d\u0435 \u0438 \u0425\u0435\u0440\u0446\u0435\u0433\u043e\u0432\u0438\u043d\u0435 \u041a\u043e\u043d\u0442\u0430\u043a\u0442\u0438 \u0426\u0435\u043d\u0442\u0440\u0430\u043b\u0430 049 234 931 \u0421\u041b\u0423\u0416\u0411\u0415\/\u041f\u0420\u041e\u0424\u0415\u0421\u041e\u0420\u0418\/\u0410\u0421\u0418\u0421\u0422\u0415\u041d\u0422\u0418 \u041a\u0410\u0411\u0418\u041d\u0415\u0422 \u041b\u041eK\u0410\u041b \u0414\u0418\u0420\u0415\u041a\u0422\u0410\u041d \u0411\u0420\u041e\u0408 \u0424\u0410\u041a\u0421 E\u041c\u0410\u0418\u041b \u0414\u0435\u043a\u0430\u043d \u0424\u0430\u043a\u0443\u043b\u0442\u0435\u0442\u0430 \u2013 \u041f\u0440\u043e\u0444. \u0434\u0440 \u0421\u0440\u0452\u0430\u043d \u041b\u0430\u043b\u0438\u045b 1 234-900 234-902 srdjan.lalic.efb@gmail.com \u0414\u0435\u043a\u0430\u043d\u0430\u0442 \u2013 \u0410\u043b\u0435\u043a\u0441\u0430\u043d\u0434\u0440\u0430 \u0421\u0438\u043c\u0438\u045b 1 234-940 234-890 dekanat@efb.ues.rs.ba \u0421\u0435\u043a\u0440\u0435\u0442\u0430\u0440 \u0424\u0430\u043a\u0443\u043b\u0442\u0435\u0442\u0430 \u2013 \u0412\u0435\u0441\u043d\u0430 \u0421\u0438\u043c\u0438\u045b 2 103 230-270 sekretarijat@efb.ues.rs.ba nabavka@efb.ues.rs.ba \u041f\u0440\u043e\u0434\u0435\u043a\u0430\u043d \u0437\u0430 \u043d\u0430\u0441\u0442\u0430\u0432\u0443 [&hellip;]","og_url":"https:\/\/www.efb.ues.rs.ba\/en\/\u043a\u043e\u043d\u0442\u0430\u043a\u0442\/","og_site_name":"\u0415\u043a\u043e\u043d\u043e\u043c\u0441\u043a\u0438 \u0444\u0430\u043a\u0443\u043b\u0442\u0435\u0442 \u0411\u0440\u0447\u043a\u043e","article_modified_time":"2026-04-07T12:18:14+00:00","twitter_card":"summary_large_image","twitter_misc":{"Est. reading time":"2 minutes"},"schema":{"@context":"https:\/\/schema.org","@graph":[{"@type":"WebPage","@id":"https:\/\/www.efb.ues.rs.ba\/%d0%ba%d0%be%d0%bd%d1%82%d0%b0%d0%ba%d1%82\/","url":"https:\/\/www.efb.ues.rs.ba\/%d0%ba%d0%be%d0%bd%d1%82%d0%b0%d0%ba%d1%82\/","name":"\u041a\u043e\u043d\u0442\u0430\u043a\u0442 - \u0415\u043a\u043e\u043d\u043e\u043c\u0441\u043a\u0438 \u0444\u0430\u043a\u0443\u043b\u0442\u0435\u0442 \u0411\u0440\u0447\u043a\u043e","isPartOf":{"@id":"https:\/\/www.efb.ues.rs.ba\/#website"},"datePublished":"2024-09-11T13:05:10+00:00","dateModified":"2026-04-07T12:18:14+00:00","breadcrumb":{"@id":"https:\/\/www.efb.ues.rs.ba\/%d0%ba%d0%be%d0%bd%d1%82%d0%b0%d0%ba%d1%82\/#breadcrumb"},"inLanguage":"en-US","potentialAction":[{"@type":"ReadAction","target":["https:\/\/www.efb.ues.rs.ba\/%d0%ba%d0%be%d0%bd%d1%82%d0%b0%d0%ba%d1%82\/"]}]},{"@type":"BreadcrumbList","@id":"https:\/\/www.efb.ues.rs.ba\/%d0%ba%d0%be%d0%bd%d1%82%d0%b0%d0%ba%d1%82\/#breadcrumb","itemListElement":[{"@type":"ListItem","position":1,"name":"Home","item":"https:\/\/www.efb.ues.rs.ba\/"},{"@type":"ListItem","position":2,"name":"\u041a\u043e\u043d\u0442\u0430\u043a\u0442"}]},{"@type":"WebSite","@id":"https:\/\/www.efb.ues.rs.ba\/#website","url":"https:\/\/www.efb.ues.rs.ba\/","name":"\u0415\u043a\u043e\u043d\u043e\u043c\u0441\u043a\u0438 \u0444\u0430\u043a\u0443\u043b\u0442\u0435\u0442 \u0411\u0440\u0447\u043a\u043e","description":"","publisher":{"@id":"https:\/\/www.efb.ues.rs.ba\/#organization"},"potentialAction":[{"@type":"SearchAction","target":{"@type":"EntryPoint","urlTemplate":"https:\/\/www.efb.ues.rs.ba\/?s={search_term_string}"},"query-input":{"@type":"PropertyValueSpecification","valueRequired":true,"valueName":"search_term_string"}}],"inLanguage":"en-US"},{"@type":"Organization","@id":"https:\/\/www.efb.ues.rs.ba\/#organization","name":"\u0415\u043a\u043e\u043d\u043e\u043c\u0441\u043a\u0438 \u0444\u0430\u043a\u0443\u043b\u0442\u0435\u0442 \u0411\u0440\u0447\u043a\u043e","url":"https:\/\/www.efb.ues.rs.ba\/","logo":{"@type":"ImageObject","inLanguage":"en-US","@id":"https:\/\/www.efb.ues.rs.ba\/#\/schema\/logo\/image\/","url":"https:\/\/www.efb.ues.rs.ba\/wp-content\/uploads\/2024\/07\/www.brckodanas.com-efb-logotip-1.svg","contentUrl":"https:\/\/www.efb.ues.rs.ba\/wp-content\/uploads\/2024\/07\/www.brckodanas.com-efb-logotip-1.svg","caption":"\u0415\u043a\u043e\u043d\u043e\u043c\u0441\u043a\u0438 \u0444\u0430\u043a\u0443\u043b\u0442\u0435\u0442 \u0411\u0440\u0447\u043a\u043e"},"image":{"@id":"https:\/\/www.efb.ues.rs.ba\/#\/schema\/logo\/image\/"}}]}},"_links":{"self":[{"href":"https:\/\/www.efb.ues.rs.ba\/en\/wp-json\/wp\/v2\/pages\/629"}],"collection":[{"href":"https:\/\/www.efb.ues.rs.ba\/en\/wp-json\/wp\/v2\/pages"}],"about":[{"href":"https:\/\/www.efb.ues.rs.ba\/en\/wp-json\/wp\/v2\/types\/page"}],"author":[{"embeddable":true,"href":"https:\/\/www.efb.ues.rs.ba\/en\/wp-json\/wp\/v2\/users\/2"}],"replies":[{"embeddable":true,"href":"https:\/\/www.efb.ues.rs.ba\/en\/wp-json\/wp\/v2\/comments?post=629"}],"version-history":[{"count":52,"href":"https:\/\/www.efb.ues.rs.ba\/en\/wp-json\/wp\/v2\/pages\/629\/revisions"}],"predecessor-version":[{"id":5892,"href":"https:\/\/www.efb.ues.rs.ba\/en\/wp-json\/wp\/v2\/pages\/629\/revisions\/5892"}],"wp:attachment":[{"href":"https:\/\/www.efb.ues.rs.ba\/en\/wp-json\/wp\/v2\/media?parent=629"}],"wp:term":[{"taxonomy":"folder","embeddable":true,"href":"https:\/\/www.efb.ues.rs.ba\/en\/wp-json\/wp\/v2\/folder?post=629"}],"curies":[{"name":"wp","href":"https:\/\/api.w.org\/{rel}","templated":true}]}}