

{"id":2598,"date":"2024-10-16T10:13:32","date_gmt":"2024-10-16T10:13:32","guid":{"rendered":"https:\/\/fakultet.kremicalex.com\/?page_id=2598"},"modified":"2024-12-04T11:02:56","modified_gmt":"2024-12-04T11:02:56","slug":"%d1%80%d0%b0%d1%87%d1%83%d0%bd%d0%be%d0%b2%d0%be%d0%b4%d1%81%d1%82%d0%b2%d0%be","status":"publish","type":"page","link":"https:\/\/www.efb.ues.rs.ba\/lat\/%d1%80%d0%b0%d1%87%d1%83%d0%bd%d0%be%d0%b2%d0%be%d0%b4%d1%81%d1%82%d0%b2%d0%be\/","title":{"rendered":"Ra\u010dunovodstvo"},"content":{"rendered":"<div data-elementor-type=\"wp-page\" data-elementor-id=\"2598\" class=\"elementor elementor-2598\" data-elementor-post-type=\"page\">\n\t\t\t\t<div class=\"elementor-element elementor-element-8e10d71 e-flex e-con-boxed e-con e-parent\" data-id=\"8e10d71\" data-element_type=\"container\">\n\t\t\t\t\t<div class=\"e-con-inner\">\n\t\t\t\t<div class=\"elementor-element elementor-element-b9402fa elementor-widget elementor-widget-heading\" data-id=\"b9402fa\" data-element_type=\"widget\" data-widget_type=\"heading.default\">\n\t\t\t\t<div class=\"elementor-widget-container\">\n\t\t\t<h2 class=\"elementor-heading-title elementor-size-default\">Ra\u010dunovodstvo<\/h2>\t\t<\/div>\n\t\t\t\t<\/div>\n\t\t\t\t\t<\/div>\n\t\t\t\t<\/div>\n\t\t<div class=\"elementor-element elementor-element-d9ab7fc e-flex e-con-boxed e-con e-parent\" data-id=\"d9ab7fc\" data-element_type=\"container\">\n\t\t\t\t\t<div class=\"e-con-inner\">\n\t\t\t\t<div class=\"elementor-element elementor-element-15c09f6 elementor-widget elementor-widget-text-editor\" data-id=\"15c09f6\" data-element_type=\"widget\" data-widget_type=\"text-editor.default\">\n\t\t\t\t<div class=\"elementor-widget-container\">\n\t\t\t\t\t\t\tKancelarija za finansijsko-ra\u010dunovodstvene poslove se stara o pravilnoj primjeni zakonskih\npropisa i normativnih akata u djelu koji se odnosi na finansijsko-ra\u010dunovodstveno poslovanje.\nOsim navedenog, kancelarija za finansijsko-ra\u010dunovodstvene poslove sastavlja periodi\u010dne\nobra\u010dune i zavr\u0161ne ra\u010dune, vr\u0161i kontrolu dokumentacije po sistemu trezorskog poslovanja,\nodgovara za a\u017eurnost knji\u017eenja, vr\u0161i usagla\u0161avanje stanja na finansijskim karticama studenata,\npriprema izvje\u0161taje o raspolo\u017eivim bud\u017eetskim i vlastitiom sredstvima i izvje\u0161taje o\nostvarenim vlastitim prihodima.\nKancelarija za finansijsko-ra\u010dunovodstvene poslove se nalazi u prizemlju zgrade, u kabinetu\nbr. 5.\t\t\t\t\t\t<\/div>\n\t\t\t\t<\/div>\n\t\t\t\t<div class=\"elementor-element elementor-element-300e503 elementor-widget elementor-widget-text-editor\" data-id=\"300e503\" data-element_type=\"widget\" data-widget_type=\"text-editor.default\">\n\t\t\t\t<div class=\"elementor-widget-container\">\n\t\t\t\t\t\t\t<p><strong>Ra\u010dunovodstvo Fakulteta <\/strong>smje\u0161teno je u prizemlju zgrade u kabinetu broj 4.<\/p><p>Radno vrijeme <strong>Ra\u010dunovodstva<\/strong> za studente je <strong>od 10 do 13 \u010dasova<\/strong>.<\/p>\t\t\t\t\t\t<\/div>\n\t\t\t\t<\/div>\n\t\t\t\t\t<\/div>\n\t\t\t\t<\/div>\n\t\t\t\t<\/div>","protected":false},"excerpt":{"rendered":"<p>\u041a\u0430\u043d\u0446\u0435\u043b\u0430\u0440\u0438\u0458\u0430 \u0437\u0430 \u0444\u0438\u043d\u0430\u043d\u0441\u0438\u0458\u0441\u043a\u043e-\u0440\u0430\u0447\u0443\u043d\u043e\u0432\u043e\u0434\u0441\u0442\u0432\u0435\u043d\u0435 \u043f\u043e\u0441\u043b\u043e\u0432\u0435 \u0441\u0435 \u0441\u0442\u0430\u0440\u0430 \u043e \u043f\u0440\u0430\u0432\u0438\u043b\u043d\u043e\u0458 \u043f\u0440\u0438\u043c\u0458\u0435\u043d\u0438 \u0437\u0430\u043a\u043e\u043d\u0441\u043a\u0438\u0445 \u043f\u0440\u043e\u043f\u0438\u0441\u0430 \u0438 \u043d\u043e\u0440\u043c\u0430\u0442\u0438\u0432\u043d\u0438\u0445 \u0430\u043a\u0430\u0442\u0430 \u0443 \u0434\u0458\u0435\u043b\u0443 \u043a\u043e\u0458\u0438 \u0441\u0435 \u043e\u0434\u043d\u043e\u0441\u0438 \u043d\u0430 \u0444\u0438\u043d\u0430\u043d\u0441\u0438\u0458\u0441\u043a\u043e-\u0440\u0430\u0447\u0443\u043d\u043e\u0432\u043e\u0434\u0441\u0442\u0432\u0435\u043d\u043e \u043f\u043e\u0441\u043b\u043e\u0432\u0430\u045a\u0435. \u041e\u0441\u0438\u043c \u043d\u0430\u0432\u0435\u0434\u0435\u043d\u043e\u0433, \u043a\u0430\u043d\u0446\u0435\u043b\u0430\u0440\u0438\u0458\u0430 \u0437\u0430 \u0444\u0438\u043d\u0430\u043d\u0441\u0438\u0458\u0441\u043a\u043e-\u0440\u0430\u0447\u0443\u043d\u043e\u0432\u043e\u0434\u0441\u0442\u0432\u0435\u043d\u0435 \u043f\u043e\u0441\u043b\u043e\u0432\u0435 \u0441\u0430\u0441\u0442\u0430\u0432\u0459\u0430 \u043f\u0435\u0440\u0438\u043e\u0434\u0438\u0447\u043d\u0435 \u043e\u0431\u0440\u0430\u0447\u0443\u043d\u0435 \u0438 \u0437\u0430\u0432\u0440\u0448\u043d\u0435 \u0440\u0430\u0447\u0443\u043d\u0435, \u0432\u0440\u0448\u0438 \u043a\u043e\u043d\u0442\u0440\u043e\u043b\u0443 \u0434\u043e\u043a\u0443\u043c\u0435\u043d\u0442\u0430\u0446\u0438\u0458\u0435 \u043f\u043e \u0441\u0438\u0441\u0442\u0435\u043c\u0443 \u0442\u0440\u0435\u0437\u043e\u0440\u0441\u043a\u043e\u0433 \u043f\u043e\u0441\u043b\u043e\u0432\u0430\u045a\u0430, \u043e\u0434\u0433\u043e\u0432\u0430\u0440\u0430 \u0437\u0430 \u0430\u0436\u0443\u0440\u043d\u043e\u0441\u0442 \u043a\u045a\u0438\u0436\u0435\u045a\u0430, \u0432\u0440\u0448\u0438 \u0443\u0441\u0430\u0433\u043b\u0430\u0448\u0430\u0432\u0430\u045a\u0435 \u0441\u0442\u0430\u045a\u0430 \u043d\u0430 \u0444\u0438\u043d\u0430\u043d\u0441\u0438\u0458\u0441\u043a\u0438\u043c \u043a\u0430\u0440\u0442\u0438\u0446\u0430\u043c\u0430 \u0441\u0442\u0443\u0434\u0435\u043d\u0430\u0442\u0430, \u043f\u0440\u0438\u043f\u0440\u0435\u043c\u0430 \u0438\u0437\u0432\u0458\u0435\u0448\u0442\u0430\u0458\u0435 \u043e [&hellip;]<\/p>","protected":false},"author":2,"featured_media":0,"parent":0,"menu_order":0,"comment_status":"closed","ping_status":"closed","template":"","meta":{"footnotes":""},"folder":[],"class_list":["post-2598","page","type-page","status-publish","hentry"],"yoast_head":"<!-- This site is optimized with the Yoast SEO plugin v24.7 - https:\/\/yoast.com\/wordpress\/plugins\/seo\/ -->\n<title>\u0420\u0430\u0447\u0443\u043d\u043e\u0432\u043e\u0434\u0441\u0442\u0432\u043e - \u0415\u043a\u043e\u043d\u043e\u043c\u0441\u043a\u0438 \u0444\u0430\u043a\u0443\u043b\u0442\u0435\u0442 \u0411\u0440\u0447\u043a\u043e<\/title>\n<meta name=\"robots\" content=\"index, follow, max-snippet:-1, max-image-preview:large, max-video-preview:-1\" \/>\n<link rel=\"canonical\" href=\"https:\/\/www.efb.ues.rs.ba\/lat\/\u0440\u0430\u0447\u0443\u043d\u043e\u0432\u043e\u0434\u0441\u0442\u0432\u043e\/\" \/>\n<meta property=\"og:locale\" content=\"bs_BA\" \/>\n<meta property=\"og:type\" content=\"article\" \/>\n<meta property=\"og:title\" content=\"\u0420\u0430\u0447\u0443\u043d\u043e\u0432\u043e\u0434\u0441\u0442\u0432\u043e - \u0415\u043a\u043e\u043d\u043e\u043c\u0441\u043a\u0438 \u0444\u0430\u043a\u0443\u043b\u0442\u0435\u0442 \u0411\u0440\u0447\u043a\u043e\" \/>\n<meta property=\"og:description\" content=\"\u041a\u0430\u043d\u0446\u0435\u043b\u0430\u0440\u0438\u0458\u0430 \u0437\u0430 \u0444\u0438\u043d\u0430\u043d\u0441\u0438\u0458\u0441\u043a\u043e-\u0440\u0430\u0447\u0443\u043d\u043e\u0432\u043e\u0434\u0441\u0442\u0432\u0435\u043d\u0435 \u043f\u043e\u0441\u043b\u043e\u0432\u0435 \u0441\u0435 \u0441\u0442\u0430\u0440\u0430 \u043e \u043f\u0440\u0430\u0432\u0438\u043b\u043d\u043e\u0458 \u043f\u0440\u0438\u043c\u0458\u0435\u043d\u0438 \u0437\u0430\u043a\u043e\u043d\u0441\u043a\u0438\u0445 \u043f\u0440\u043e\u043f\u0438\u0441\u0430 \u0438 \u043d\u043e\u0440\u043c\u0430\u0442\u0438\u0432\u043d\u0438\u0445 \u0430\u043a\u0430\u0442\u0430 \u0443 \u0434\u0458\u0435\u043b\u0443 \u043a\u043e\u0458\u0438 \u0441\u0435 \u043e\u0434\u043d\u043e\u0441\u0438 \u043d\u0430 \u0444\u0438\u043d\u0430\u043d\u0441\u0438\u0458\u0441\u043a\u043e-\u0440\u0430\u0447\u0443\u043d\u043e\u0432\u043e\u0434\u0441\u0442\u0432\u0435\u043d\u043e \u043f\u043e\u0441\u043b\u043e\u0432\u0430\u045a\u0435. \u041e\u0441\u0438\u043c \u043d\u0430\u0432\u0435\u0434\u0435\u043d\u043e\u0433, \u043a\u0430\u043d\u0446\u0435\u043b\u0430\u0440\u0438\u0458\u0430 \u0437\u0430 \u0444\u0438\u043d\u0430\u043d\u0441\u0438\u0458\u0441\u043a\u043e-\u0440\u0430\u0447\u0443\u043d\u043e\u0432\u043e\u0434\u0441\u0442\u0432\u0435\u043d\u0435 \u043f\u043e\u0441\u043b\u043e\u0432\u0435 \u0441\u0430\u0441\u0442\u0430\u0432\u0459\u0430 \u043f\u0435\u0440\u0438\u043e\u0434\u0438\u0447\u043d\u0435 \u043e\u0431\u0440\u0430\u0447\u0443\u043d\u0435 \u0438 \u0437\u0430\u0432\u0440\u0448\u043d\u0435 \u0440\u0430\u0447\u0443\u043d\u0435, \u0432\u0440\u0448\u0438 \u043a\u043e\u043d\u0442\u0440\u043e\u043b\u0443 \u0434\u043e\u043a\u0443\u043c\u0435\u043d\u0442\u0430\u0446\u0438\u0458\u0435 \u043f\u043e \u0441\u0438\u0441\u0442\u0435\u043c\u0443 \u0442\u0440\u0435\u0437\u043e\u0440\u0441\u043a\u043e\u0433 \u043f\u043e\u0441\u043b\u043e\u0432\u0430\u045a\u0430, \u043e\u0434\u0433\u043e\u0432\u0430\u0440\u0430 \u0437\u0430 \u0430\u0436\u0443\u0440\u043d\u043e\u0441\u0442 \u043a\u045a\u0438\u0436\u0435\u045a\u0430, \u0432\u0440\u0448\u0438 \u0443\u0441\u0430\u0433\u043b\u0430\u0448\u0430\u0432\u0430\u045a\u0435 \u0441\u0442\u0430\u045a\u0430 \u043d\u0430 \u0444\u0438\u043d\u0430\u043d\u0441\u0438\u0458\u0441\u043a\u0438\u043c \u043a\u0430\u0440\u0442\u0438\u0446\u0430\u043c\u0430 \u0441\u0442\u0443\u0434\u0435\u043d\u0430\u0442\u0430, \u043f\u0440\u0438\u043f\u0440\u0435\u043c\u0430 \u0438\u0437\u0432\u0458\u0435\u0448\u0442\u0430\u0458\u0435 \u043e [&hellip;]\" \/>\n<meta property=\"og:url\" content=\"https:\/\/www.efb.ues.rs.ba\/lat\/\u0440\u0430\u0447\u0443\u043d\u043e\u0432\u043e\u0434\u0441\u0442\u0432\u043e\/\" \/>\n<meta property=\"og:site_name\" content=\"\u0415\u043a\u043e\u043d\u043e\u043c\u0441\u043a\u0438 \u0444\u0430\u043a\u0443\u043b\u0442\u0435\u0442 \u0411\u0440\u0447\u043a\u043e\" \/>\n<meta property=\"article:modified_time\" content=\"2024-12-04T11:02:56+00:00\" \/>\n<meta name=\"twitter:card\" content=\"summary_large_image\" \/>\n<script type=\"application\/ld+json\" class=\"yoast-schema-graph\">{\"@context\":\"https:\/\/schema.org\",\"@graph\":[{\"@type\":\"WebPage\",\"@id\":\"https:\/\/www.efb.ues.rs.ba\/%d1%80%d0%b0%d1%87%d1%83%d0%bd%d0%be%d0%b2%d0%be%d0%b4%d1%81%d1%82%d0%b2%d0%be\/\",\"url\":\"https:\/\/www.efb.ues.rs.ba\/%d1%80%d0%b0%d1%87%d1%83%d0%bd%d0%be%d0%b2%d0%be%d0%b4%d1%81%d1%82%d0%b2%d0%be\/\",\"name\":\"\u0420\u0430\u0447\u0443\u043d\u043e\u0432\u043e\u0434\u0441\u0442\u0432\u043e - \u0415\u043a\u043e\u043d\u043e\u043c\u0441\u043a\u0438 \u0444\u0430\u043a\u0443\u043b\u0442\u0435\u0442 \u0411\u0440\u0447\u043a\u043e\",\"isPartOf\":{\"@id\":\"https:\/\/www.efb.ues.rs.ba\/#website\"},\"datePublished\":\"2024-10-16T10:13:32+00:00\",\"dateModified\":\"2024-12-04T11:02:56+00:00\",\"breadcrumb\":{\"@id\":\"https:\/\/www.efb.ues.rs.ba\/%d1%80%d0%b0%d1%87%d1%83%d0%bd%d0%be%d0%b2%d0%be%d0%b4%d1%81%d1%82%d0%b2%d0%be\/#breadcrumb\"},\"inLanguage\":\"bs-BA\",\"potentialAction\":[{\"@type\":\"ReadAction\",\"target\":[\"https:\/\/www.efb.ues.rs.ba\/%d1%80%d0%b0%d1%87%d1%83%d0%bd%d0%be%d0%b2%d0%be%d0%b4%d1%81%d1%82%d0%b2%d0%be\/\"]}]},{\"@type\":\"BreadcrumbList\",\"@id\":\"https:\/\/www.efb.ues.rs.ba\/%d1%80%d0%b0%d1%87%d1%83%d0%bd%d0%be%d0%b2%d0%be%d0%b4%d1%81%d1%82%d0%b2%d0%be\/#breadcrumb\",\"itemListElement\":[{\"@type\":\"ListItem\",\"position\":1,\"name\":\"Home\",\"item\":\"https:\/\/www.efb.ues.rs.ba\/\"},{\"@type\":\"ListItem\",\"position\":2,\"name\":\"\u0420\u0430\u0447\u0443\u043d\u043e\u0432\u043e\u0434\u0441\u0442\u0432\u043e\"}]},{\"@type\":\"WebSite\",\"@id\":\"https:\/\/www.efb.ues.rs.ba\/#website\",\"url\":\"https:\/\/www.efb.ues.rs.ba\/\",\"name\":\"\u0415\u043a\u043e\u043d\u043e\u043c\u0441\u043a\u0438 \u0444\u0430\u043a\u0443\u043b\u0442\u0435\u0442 \u0411\u0440\u0447\u043a\u043e\",\"description\":\"\",\"publisher\":{\"@id\":\"https:\/\/www.efb.ues.rs.ba\/#organization\"},\"potentialAction\":[{\"@type\":\"SearchAction\",\"target\":{\"@type\":\"EntryPoint\",\"urlTemplate\":\"https:\/\/www.efb.ues.rs.ba\/?s={search_term_string}\"},\"query-input\":{\"@type\":\"PropertyValueSpecification\",\"valueRequired\":true,\"valueName\":\"search_term_string\"}}],\"inLanguage\":\"bs-BA\"},{\"@type\":\"Organization\",\"@id\":\"https:\/\/www.efb.ues.rs.ba\/#organization\",\"name\":\"\u0415\u043a\u043e\u043d\u043e\u043c\u0441\u043a\u0438 \u0444\u0430\u043a\u0443\u043b\u0442\u0435\u0442 \u0411\u0440\u0447\u043a\u043e\",\"url\":\"https:\/\/www.efb.ues.rs.ba\/\",\"logo\":{\"@type\":\"ImageObject\",\"inLanguage\":\"bs-BA\",\"@id\":\"https:\/\/www.efb.ues.rs.ba\/#\/schema\/logo\/image\/\",\"url\":\"https:\/\/www.efb.ues.rs.ba\/wp-content\/uploads\/2024\/07\/www.brckodanas.com-efb-logotip-1.svg\",\"contentUrl\":\"https:\/\/www.efb.ues.rs.ba\/wp-content\/uploads\/2024\/07\/www.brckodanas.com-efb-logotip-1.svg\",\"caption\":\"\u0415\u043a\u043e\u043d\u043e\u043c\u0441\u043a\u0438 \u0444\u0430\u043a\u0443\u043b\u0442\u0435\u0442 \u0411\u0440\u0447\u043a\u043e\"},\"image\":{\"@id\":\"https:\/\/www.efb.ues.rs.ba\/#\/schema\/logo\/image\/\"}}]}<\/script>\n<!-- \/ Yoast SEO plugin. -->","yoast_head_json":{"title":"\u0420\u0430\u0447\u0443\u043d\u043e\u0432\u043e\u0434\u0441\u0442\u0432\u043e - \u0415\u043a\u043e\u043d\u043e\u043c\u0441\u043a\u0438 \u0444\u0430\u043a\u0443\u043b\u0442\u0435\u0442 \u0411\u0440\u0447\u043a\u043e","robots":{"index":"index","follow":"follow","max-snippet":"max-snippet:-1","max-image-preview":"max-image-preview:large","max-video-preview":"max-video-preview:-1"},"canonical":"https:\/\/www.efb.ues.rs.ba\/lat\/\u0440\u0430\u0447\u0443\u043d\u043e\u0432\u043e\u0434\u0441\u0442\u0432\u043e\/","og_locale":"bs_BA","og_type":"article","og_title":"\u0420\u0430\u0447\u0443\u043d\u043e\u0432\u043e\u0434\u0441\u0442\u0432\u043e - \u0415\u043a\u043e\u043d\u043e\u043c\u0441\u043a\u0438 \u0444\u0430\u043a\u0443\u043b\u0442\u0435\u0442 \u0411\u0440\u0447\u043a\u043e","og_description":"\u041a\u0430\u043d\u0446\u0435\u043b\u0430\u0440\u0438\u0458\u0430 \u0437\u0430 \u0444\u0438\u043d\u0430\u043d\u0441\u0438\u0458\u0441\u043a\u043e-\u0440\u0430\u0447\u0443\u043d\u043e\u0432\u043e\u0434\u0441\u0442\u0432\u0435\u043d\u0435 \u043f\u043e\u0441\u043b\u043e\u0432\u0435 \u0441\u0435 \u0441\u0442\u0430\u0440\u0430 \u043e \u043f\u0440\u0430\u0432\u0438\u043b\u043d\u043e\u0458 \u043f\u0440\u0438\u043c\u0458\u0435\u043d\u0438 \u0437\u0430\u043a\u043e\u043d\u0441\u043a\u0438\u0445 \u043f\u0440\u043e\u043f\u0438\u0441\u0430 \u0438 \u043d\u043e\u0440\u043c\u0430\u0442\u0438\u0432\u043d\u0438\u0445 \u0430\u043a\u0430\u0442\u0430 \u0443 \u0434\u0458\u0435\u043b\u0443 \u043a\u043e\u0458\u0438 \u0441\u0435 \u043e\u0434\u043d\u043e\u0441\u0438 \u043d\u0430 \u0444\u0438\u043d\u0430\u043d\u0441\u0438\u0458\u0441\u043a\u043e-\u0440\u0430\u0447\u0443\u043d\u043e\u0432\u043e\u0434\u0441\u0442\u0432\u0435\u043d\u043e \u043f\u043e\u0441\u043b\u043e\u0432\u0430\u045a\u0435. \u041e\u0441\u0438\u043c \u043d\u0430\u0432\u0435\u0434\u0435\u043d\u043e\u0433, \u043a\u0430\u043d\u0446\u0435\u043b\u0430\u0440\u0438\u0458\u0430 \u0437\u0430 \u0444\u0438\u043d\u0430\u043d\u0441\u0438\u0458\u0441\u043a\u043e-\u0440\u0430\u0447\u0443\u043d\u043e\u0432\u043e\u0434\u0441\u0442\u0432\u0435\u043d\u0435 \u043f\u043e\u0441\u043b\u043e\u0432\u0435 \u0441\u0430\u0441\u0442\u0430\u0432\u0459\u0430 \u043f\u0435\u0440\u0438\u043e\u0434\u0438\u0447\u043d\u0435 \u043e\u0431\u0440\u0430\u0447\u0443\u043d\u0435 \u0438 \u0437\u0430\u0432\u0440\u0448\u043d\u0435 \u0440\u0430\u0447\u0443\u043d\u0435, \u0432\u0440\u0448\u0438 \u043a\u043e\u043d\u0442\u0440\u043e\u043b\u0443 \u0434\u043e\u043a\u0443\u043c\u0435\u043d\u0442\u0430\u0446\u0438\u0458\u0435 \u043f\u043e \u0441\u0438\u0441\u0442\u0435\u043c\u0443 \u0442\u0440\u0435\u0437\u043e\u0440\u0441\u043a\u043e\u0433 \u043f\u043e\u0441\u043b\u043e\u0432\u0430\u045a\u0430, \u043e\u0434\u0433\u043e\u0432\u0430\u0440\u0430 \u0437\u0430 \u0430\u0436\u0443\u0440\u043d\u043e\u0441\u0442 \u043a\u045a\u0438\u0436\u0435\u045a\u0430, \u0432\u0440\u0448\u0438 \u0443\u0441\u0430\u0433\u043b\u0430\u0448\u0430\u0432\u0430\u045a\u0435 \u0441\u0442\u0430\u045a\u0430 \u043d\u0430 \u0444\u0438\u043d\u0430\u043d\u0441\u0438\u0458\u0441\u043a\u0438\u043c \u043a\u0430\u0440\u0442\u0438\u0446\u0430\u043c\u0430 \u0441\u0442\u0443\u0434\u0435\u043d\u0430\u0442\u0430, \u043f\u0440\u0438\u043f\u0440\u0435\u043c\u0430 \u0438\u0437\u0432\u0458\u0435\u0448\u0442\u0430\u0458\u0435 \u043e [&hellip;]","og_url":"https:\/\/www.efb.ues.rs.ba\/lat\/\u0440\u0430\u0447\u0443\u043d\u043e\u0432\u043e\u0434\u0441\u0442\u0432\u043e\/","og_site_name":"\u0415\u043a\u043e\u043d\u043e\u043c\u0441\u043a\u0438 \u0444\u0430\u043a\u0443\u043b\u0442\u0435\u0442 \u0411\u0440\u0447\u043a\u043e","article_modified_time":"2024-12-04T11:02:56+00:00","twitter_card":"summary_large_image","schema":{"@context":"https:\/\/schema.org","@graph":[{"@type":"WebPage","@id":"https:\/\/www.efb.ues.rs.ba\/%d1%80%d0%b0%d1%87%d1%83%d0%bd%d0%be%d0%b2%d0%be%d0%b4%d1%81%d1%82%d0%b2%d0%be\/","url":"https:\/\/www.efb.ues.rs.ba\/%d1%80%d0%b0%d1%87%d1%83%d0%bd%d0%be%d0%b2%d0%be%d0%b4%d1%81%d1%82%d0%b2%d0%be\/","name":"\u0420\u0430\u0447\u0443\u043d\u043e\u0432\u043e\u0434\u0441\u0442\u0432\u043e - \u0415\u043a\u043e\u043d\u043e\u043c\u0441\u043a\u0438 \u0444\u0430\u043a\u0443\u043b\u0442\u0435\u0442 \u0411\u0440\u0447\u043a\u043e","isPartOf":{"@id":"https:\/\/www.efb.ues.rs.ba\/#website"},"datePublished":"2024-10-16T10:13:32+00:00","dateModified":"2024-12-04T11:02:56+00:00","breadcrumb":{"@id":"https:\/\/www.efb.ues.rs.ba\/%d1%80%d0%b0%d1%87%d1%83%d0%bd%d0%be%d0%b2%d0%be%d0%b4%d1%81%d1%82%d0%b2%d0%be\/#breadcrumb"},"inLanguage":"bs-BA","potentialAction":[{"@type":"ReadAction","target":["https:\/\/www.efb.ues.rs.ba\/%d1%80%d0%b0%d1%87%d1%83%d0%bd%d0%be%d0%b2%d0%be%d0%b4%d1%81%d1%82%d0%b2%d0%be\/"]}]},{"@type":"BreadcrumbList","@id":"https:\/\/www.efb.ues.rs.ba\/%d1%80%d0%b0%d1%87%d1%83%d0%bd%d0%be%d0%b2%d0%be%d0%b4%d1%81%d1%82%d0%b2%d0%be\/#breadcrumb","itemListElement":[{"@type":"ListItem","position":1,"name":"Home","item":"https:\/\/www.efb.ues.rs.ba\/"},{"@type":"ListItem","position":2,"name":"\u0420\u0430\u0447\u0443\u043d\u043e\u0432\u043e\u0434\u0441\u0442\u0432\u043e"}]},{"@type":"WebSite","@id":"https:\/\/www.efb.ues.rs.ba\/#website","url":"https:\/\/www.efb.ues.rs.ba\/","name":"\u0415\u043a\u043e\u043d\u043e\u043c\u0441\u043a\u0438 \u0444\u0430\u043a\u0443\u043b\u0442\u0435\u0442 \u0411\u0440\u0447\u043a\u043e","description":"","publisher":{"@id":"https:\/\/www.efb.ues.rs.ba\/#organization"},"potentialAction":[{"@type":"SearchAction","target":{"@type":"EntryPoint","urlTemplate":"https:\/\/www.efb.ues.rs.ba\/?s={search_term_string}"},"query-input":{"@type":"PropertyValueSpecification","valueRequired":true,"valueName":"search_term_string"}}],"inLanguage":"bs-BA"},{"@type":"Organization","@id":"https:\/\/www.efb.ues.rs.ba\/#organization","name":"\u0415\u043a\u043e\u043d\u043e\u043c\u0441\u043a\u0438 \u0444\u0430\u043a\u0443\u043b\u0442\u0435\u0442 \u0411\u0440\u0447\u043a\u043e","url":"https:\/\/www.efb.ues.rs.ba\/","logo":{"@type":"ImageObject","inLanguage":"bs-BA","@id":"https:\/\/www.efb.ues.rs.ba\/#\/schema\/logo\/image\/","url":"https:\/\/www.efb.ues.rs.ba\/wp-content\/uploads\/2024\/07\/www.brckodanas.com-efb-logotip-1.svg","contentUrl":"https:\/\/www.efb.ues.rs.ba\/wp-content\/uploads\/2024\/07\/www.brckodanas.com-efb-logotip-1.svg","caption":"\u0415\u043a\u043e\u043d\u043e\u043c\u0441\u043a\u0438 \u0444\u0430\u043a\u0443\u043b\u0442\u0435\u0442 \u0411\u0440\u0447\u043a\u043e"},"image":{"@id":"https:\/\/www.efb.ues.rs.ba\/#\/schema\/logo\/image\/"}}]}},"_links":{"self":[{"href":"https:\/\/www.efb.ues.rs.ba\/lat\/wp-json\/wp\/v2\/pages\/2598"}],"collection":[{"href":"https:\/\/www.efb.ues.rs.ba\/lat\/wp-json\/wp\/v2\/pages"}],"about":[{"href":"https:\/\/www.efb.ues.rs.ba\/lat\/wp-json\/wp\/v2\/types\/page"}],"author":[{"embeddable":true,"href":"https:\/\/www.efb.ues.rs.ba\/lat\/wp-json\/wp\/v2\/users\/2"}],"replies":[{"embeddable":true,"href":"https:\/\/www.efb.ues.rs.ba\/lat\/wp-json\/wp\/v2\/comments?post=2598"}],"version-history":[{"count":10,"href":"https:\/\/www.efb.ues.rs.ba\/lat\/wp-json\/wp\/v2\/pages\/2598\/revisions"}],"predecessor-version":[{"id":4347,"href":"https:\/\/www.efb.ues.rs.ba\/lat\/wp-json\/wp\/v2\/pages\/2598\/revisions\/4347"}],"wp:attachment":[{"href":"https:\/\/www.efb.ues.rs.ba\/lat\/wp-json\/wp\/v2\/media?parent=2598"}],"wp:term":[{"taxonomy":"folder","embeddable":true,"href":"https:\/\/www.efb.ues.rs.ba\/lat\/wp-json\/wp\/v2\/folder?post=2598"}],"curies":[{"name":"wp","href":"https:\/\/api.w.org\/{rel}","templated":true}]}}