

{"id":612,"date":"2024-09-11T12:45:33","date_gmt":"2024-09-11T12:45:33","guid":{"rendered":"https:\/\/fakultet.kremicalex.com\/?page_id=612"},"modified":"2024-09-11T12:45:34","modified_gmt":"2024-09-11T12:45:34","slug":"%d0%bd%d0%b0%d1%83%d1%87%d0%bd%d0%be-%d0%b8%d1%81%d1%82%d1%80%d0%b0%d0%b6%d0%b8%d0%b2%d0%b0%d1%87%d0%ba%d0%b8-%d1%80%d0%b0%d0%b4","status":"publish","type":"page","link":"https:\/\/www.efb.ues.rs.ba\/lat\/%d0%bd%d0%b0%d1%83%d1%87%d0%bd%d0%be-%d0%b8%d1%81%d1%82%d1%80%d0%b0%d0%b6%d0%b8%d0%b2%d0%b0%d1%87%d0%ba%d0%b8-%d1%80%d0%b0%d0%b4\/","title":{"rendered":"Nau\u010dno Istra\u017eiva\u010dki Rad"},"content":{"rendered":"","protected":false},"excerpt":{"rendered":"","protected":false},"author":2,"featured_media":0,"parent":0,"menu_order":0,"comment_status":"closed","ping_status":"closed","template":"","meta":{"footnotes":""},"folder":[],"class_list":["post-612","page","type-page","status-publish","hentry"],"yoast_head":"<!-- This site is optimized with the Yoast SEO plugin v24.7 - https:\/\/yoast.com\/wordpress\/plugins\/seo\/ -->\n<title>\u041d\u0430\u0443\u0447\u043d\u043e \u0418\u0441\u0442\u0440\u0430\u0436\u0438\u0432\u0430\u0447\u043a\u0438 \u0420\u0430\u0434 - \u0415\u043a\u043e\u043d\u043e\u043c\u0441\u043a\u0438 \u0444\u0430\u043a\u0443\u043b\u0442\u0435\u0442 \u0411\u0440\u0447\u043a\u043e<\/title>\n<meta name=\"robots\" content=\"index, follow, max-snippet:-1, max-image-preview:large, max-video-preview:-1\" \/>\n<link rel=\"canonical\" href=\"https:\/\/www.efb.ues.rs.ba\/lat\/\u043d\u0430\u0443\u0447\u043d\u043e-\u0438\u0441\u0442\u0440\u0430\u0436\u0438\u0432\u0430\u0447\u043a\u0438-\u0440\u0430\u0434\/\" \/>\n<meta property=\"og:locale\" content=\"bs_BA\" \/>\n<meta property=\"og:type\" content=\"article\" \/>\n<meta property=\"og:title\" content=\"\u041d\u0430\u0443\u0447\u043d\u043e \u0418\u0441\u0442\u0440\u0430\u0436\u0438\u0432\u0430\u0447\u043a\u0438 \u0420\u0430\u0434 - \u0415\u043a\u043e\u043d\u043e\u043c\u0441\u043a\u0438 \u0444\u0430\u043a\u0443\u043b\u0442\u0435\u0442 \u0411\u0440\u0447\u043a\u043e\" \/>\n<meta property=\"og:url\" content=\"https:\/\/www.efb.ues.rs.ba\/lat\/\u043d\u0430\u0443\u0447\u043d\u043e-\u0438\u0441\u0442\u0440\u0430\u0436\u0438\u0432\u0430\u0447\u043a\u0438-\u0440\u0430\u0434\/\" \/>\n<meta property=\"og:site_name\" content=\"\u0415\u043a\u043e\u043d\u043e\u043c\u0441\u043a\u0438 \u0444\u0430\u043a\u0443\u043b\u0442\u0435\u0442 \u0411\u0440\u0447\u043a\u043e\" \/>\n<meta property=\"article:modified_time\" content=\"2024-09-11T12:45:34+00:00\" \/>\n<meta name=\"twitter:card\" content=\"summary_large_image\" \/>\n<script type=\"application\/ld+json\" class=\"yoast-schema-graph\">{\"@context\":\"https:\/\/schema.org\",\"@graph\":[{\"@type\":\"WebPage\",\"@id\":\"https:\/\/www.efb.ues.rs.ba\/%d0%bd%d0%b0%d1%83%d1%87%d0%bd%d0%be-%d0%b8%d1%81%d1%82%d1%80%d0%b0%d0%b6%d0%b8%d0%b2%d0%b0%d1%87%d0%ba%d0%b8-%d1%80%d0%b0%d0%b4\/\",\"url\":\"https:\/\/www.efb.ues.rs.ba\/%d0%bd%d0%b0%d1%83%d1%87%d0%bd%d0%be-%d0%b8%d1%81%d1%82%d1%80%d0%b0%d0%b6%d0%b8%d0%b2%d0%b0%d1%87%d0%ba%d0%b8-%d1%80%d0%b0%d0%b4\/\",\"name\":\"\u041d\u0430\u0443\u0447\u043d\u043e \u0418\u0441\u0442\u0440\u0430\u0436\u0438\u0432\u0430\u0447\u043a\u0438 \u0420\u0430\u0434 - \u0415\u043a\u043e\u043d\u043e\u043c\u0441\u043a\u0438 \u0444\u0430\u043a\u0443\u043b\u0442\u0435\u0442 \u0411\u0440\u0447\u043a\u043e\",\"isPartOf\":{\"@id\":\"https:\/\/www.efb.ues.rs.ba\/#website\"},\"datePublished\":\"2024-09-11T12:45:33+00:00\",\"dateModified\":\"2024-09-11T12:45:34+00:00\",\"breadcrumb\":{\"@id\":\"https:\/\/www.efb.ues.rs.ba\/%d0%bd%d0%b0%d1%83%d1%87%d0%bd%d0%be-%d0%b8%d1%81%d1%82%d1%80%d0%b0%d0%b6%d0%b8%d0%b2%d0%b0%d1%87%d0%ba%d0%b8-%d1%80%d0%b0%d0%b4\/#breadcrumb\"},\"inLanguage\":\"bs-BA\",\"potentialAction\":[{\"@type\":\"ReadAction\",\"target\":[\"https:\/\/www.efb.ues.rs.ba\/%d0%bd%d0%b0%d1%83%d1%87%d0%bd%d0%be-%d0%b8%d1%81%d1%82%d1%80%d0%b0%d0%b6%d0%b8%d0%b2%d0%b0%d1%87%d0%ba%d0%b8-%d1%80%d0%b0%d0%b4\/\"]}]},{\"@type\":\"BreadcrumbList\",\"@id\":\"https:\/\/www.efb.ues.rs.ba\/%d0%bd%d0%b0%d1%83%d1%87%d0%bd%d0%be-%d0%b8%d1%81%d1%82%d1%80%d0%b0%d0%b6%d0%b8%d0%b2%d0%b0%d1%87%d0%ba%d0%b8-%d1%80%d0%b0%d0%b4\/#breadcrumb\",\"itemListElement\":[{\"@type\":\"ListItem\",\"position\":1,\"name\":\"Home\",\"item\":\"https:\/\/www.efb.ues.rs.ba\/\"},{\"@type\":\"ListItem\",\"position\":2,\"name\":\"\u041d\u0430\u0443\u0447\u043d\u043e \u0418\u0441\u0442\u0440\u0430\u0436\u0438\u0432\u0430\u0447\u043a\u0438 \u0420\u0430\u0434\"}]},{\"@type\":\"WebSite\",\"@id\":\"https:\/\/www.efb.ues.rs.ba\/#website\",\"url\":\"https:\/\/www.efb.ues.rs.ba\/\",\"name\":\"\u0415\u043a\u043e\u043d\u043e\u043c\u0441\u043a\u0438 \u0444\u0430\u043a\u0443\u043b\u0442\u0435\u0442 \u0411\u0440\u0447\u043a\u043e\",\"description\":\"\",\"publisher\":{\"@id\":\"https:\/\/www.efb.ues.rs.ba\/#organization\"},\"potentialAction\":[{\"@type\":\"SearchAction\",\"target\":{\"@type\":\"EntryPoint\",\"urlTemplate\":\"https:\/\/www.efb.ues.rs.ba\/?s={search_term_string}\"},\"query-input\":{\"@type\":\"PropertyValueSpecification\",\"valueRequired\":true,\"valueName\":\"search_term_string\"}}],\"inLanguage\":\"bs-BA\"},{\"@type\":\"Organization\",\"@id\":\"https:\/\/www.efb.ues.rs.ba\/#organization\",\"name\":\"\u0415\u043a\u043e\u043d\u043e\u043c\u0441\u043a\u0438 \u0444\u0430\u043a\u0443\u043b\u0442\u0435\u0442 \u0411\u0440\u0447\u043a\u043e\",\"url\":\"https:\/\/www.efb.ues.rs.ba\/\",\"logo\":{\"@type\":\"ImageObject\",\"inLanguage\":\"bs-BA\",\"@id\":\"https:\/\/www.efb.ues.rs.ba\/#\/schema\/logo\/image\/\",\"url\":\"https:\/\/www.efb.ues.rs.ba\/wp-content\/uploads\/2024\/07\/www.brckodanas.com-efb-logotip-1.svg\",\"contentUrl\":\"https:\/\/www.efb.ues.rs.ba\/wp-content\/uploads\/2024\/07\/www.brckodanas.com-efb-logotip-1.svg\",\"caption\":\"\u0415\u043a\u043e\u043d\u043e\u043c\u0441\u043a\u0438 \u0444\u0430\u043a\u0443\u043b\u0442\u0435\u0442 \u0411\u0440\u0447\u043a\u043e\"},\"image\":{\"@id\":\"https:\/\/www.efb.ues.rs.ba\/#\/schema\/logo\/image\/\"}}]}<\/script>\n<!-- \/ Yoast SEO plugin. -->","yoast_head_json":{"title":"\u041d\u0430\u0443\u0447\u043d\u043e \u0418\u0441\u0442\u0440\u0430\u0436\u0438\u0432\u0430\u0447\u043a\u0438 \u0420\u0430\u0434 - \u0415\u043a\u043e\u043d\u043e\u043c\u0441\u043a\u0438 \u0444\u0430\u043a\u0443\u043b\u0442\u0435\u0442 \u0411\u0440\u0447\u043a\u043e","robots":{"index":"index","follow":"follow","max-snippet":"max-snippet:-1","max-image-preview":"max-image-preview:large","max-video-preview":"max-video-preview:-1"},"canonical":"https:\/\/www.efb.ues.rs.ba\/lat\/\u043d\u0430\u0443\u0447\u043d\u043e-\u0438\u0441\u0442\u0440\u0430\u0436\u0438\u0432\u0430\u0447\u043a\u0438-\u0440\u0430\u0434\/","og_locale":"bs_BA","og_type":"article","og_title":"\u041d\u0430\u0443\u0447\u043d\u043e \u0418\u0441\u0442\u0440\u0430\u0436\u0438\u0432\u0430\u0447\u043a\u0438 \u0420\u0430\u0434 - \u0415\u043a\u043e\u043d\u043e\u043c\u0441\u043a\u0438 \u0444\u0430\u043a\u0443\u043b\u0442\u0435\u0442 \u0411\u0440\u0447\u043a\u043e","og_url":"https:\/\/www.efb.ues.rs.ba\/lat\/\u043d\u0430\u0443\u0447\u043d\u043e-\u0438\u0441\u0442\u0440\u0430\u0436\u0438\u0432\u0430\u0447\u043a\u0438-\u0440\u0430\u0434\/","og_site_name":"\u0415\u043a\u043e\u043d\u043e\u043c\u0441\u043a\u0438 \u0444\u0430\u043a\u0443\u043b\u0442\u0435\u0442 \u0411\u0440\u0447\u043a\u043e","article_modified_time":"2024-09-11T12:45:34+00:00","twitter_card":"summary_large_image","schema":{"@context":"https:\/\/schema.org","@graph":[{"@type":"WebPage","@id":"https:\/\/www.efb.ues.rs.ba\/%d0%bd%d0%b0%d1%83%d1%87%d0%bd%d0%be-%d0%b8%d1%81%d1%82%d1%80%d0%b0%d0%b6%d0%b8%d0%b2%d0%b0%d1%87%d0%ba%d0%b8-%d1%80%d0%b0%d0%b4\/","url":"https:\/\/www.efb.ues.rs.ba\/%d0%bd%d0%b0%d1%83%d1%87%d0%bd%d0%be-%d0%b8%d1%81%d1%82%d1%80%d0%b0%d0%b6%d0%b8%d0%b2%d0%b0%d1%87%d0%ba%d0%b8-%d1%80%d0%b0%d0%b4\/","name":"\u041d\u0430\u0443\u0447\u043d\u043e \u0418\u0441\u0442\u0440\u0430\u0436\u0438\u0432\u0430\u0447\u043a\u0438 \u0420\u0430\u0434 - \u0415\u043a\u043e\u043d\u043e\u043c\u0441\u043a\u0438 \u0444\u0430\u043a\u0443\u043b\u0442\u0435\u0442 \u0411\u0440\u0447\u043a\u043e","isPartOf":{"@id":"https:\/\/www.efb.ues.rs.ba\/#website"},"datePublished":"2024-09-11T12:45:33+00:00","dateModified":"2024-09-11T12:45:34+00:00","breadcrumb":{"@id":"https:\/\/www.efb.ues.rs.ba\/%d0%bd%d0%b0%d1%83%d1%87%d0%bd%d0%be-%d0%b8%d1%81%d1%82%d1%80%d0%b0%d0%b6%d0%b8%d0%b2%d0%b0%d1%87%d0%ba%d0%b8-%d1%80%d0%b0%d0%b4\/#breadcrumb"},"inLanguage":"bs-BA","potentialAction":[{"@type":"ReadAction","target":["https:\/\/www.efb.ues.rs.ba\/%d0%bd%d0%b0%d1%83%d1%87%d0%bd%d0%be-%d0%b8%d1%81%d1%82%d1%80%d0%b0%d0%b6%d0%b8%d0%b2%d0%b0%d1%87%d0%ba%d0%b8-%d1%80%d0%b0%d0%b4\/"]}]},{"@type":"BreadcrumbList","@id":"https:\/\/www.efb.ues.rs.ba\/%d0%bd%d0%b0%d1%83%d1%87%d0%bd%d0%be-%d0%b8%d1%81%d1%82%d1%80%d0%b0%d0%b6%d0%b8%d0%b2%d0%b0%d1%87%d0%ba%d0%b8-%d1%80%d0%b0%d0%b4\/#breadcrumb","itemListElement":[{"@type":"ListItem","position":1,"name":"Home","item":"https:\/\/www.efb.ues.rs.ba\/"},{"@type":"ListItem","position":2,"name":"\u041d\u0430\u0443\u0447\u043d\u043e \u0418\u0441\u0442\u0440\u0430\u0436\u0438\u0432\u0430\u0447\u043a\u0438 \u0420\u0430\u0434"}]},{"@type":"WebSite","@id":"https:\/\/www.efb.ues.rs.ba\/#website","url":"https:\/\/www.efb.ues.rs.ba\/","name":"\u0415\u043a\u043e\u043d\u043e\u043c\u0441\u043a\u0438 \u0444\u0430\u043a\u0443\u043b\u0442\u0435\u0442 \u0411\u0440\u0447\u043a\u043e","description":"","publisher":{"@id":"https:\/\/www.efb.ues.rs.ba\/#organization"},"potentialAction":[{"@type":"SearchAction","target":{"@type":"EntryPoint","urlTemplate":"https:\/\/www.efb.ues.rs.ba\/?s={search_term_string}"},"query-input":{"@type":"PropertyValueSpecification","valueRequired":true,"valueName":"search_term_string"}}],"inLanguage":"bs-BA"},{"@type":"Organization","@id":"https:\/\/www.efb.ues.rs.ba\/#organization","name":"\u0415\u043a\u043e\u043d\u043e\u043c\u0441\u043a\u0438 \u0444\u0430\u043a\u0443\u043b\u0442\u0435\u0442 \u0411\u0440\u0447\u043a\u043e","url":"https:\/\/www.efb.ues.rs.ba\/","logo":{"@type":"ImageObject","inLanguage":"bs-BA","@id":"https:\/\/www.efb.ues.rs.ba\/#\/schema\/logo\/image\/","url":"https:\/\/www.efb.ues.rs.ba\/wp-content\/uploads\/2024\/07\/www.brckodanas.com-efb-logotip-1.svg","contentUrl":"https:\/\/www.efb.ues.rs.ba\/wp-content\/uploads\/2024\/07\/www.brckodanas.com-efb-logotip-1.svg","caption":"\u0415\u043a\u043e\u043d\u043e\u043c\u0441\u043a\u0438 \u0444\u0430\u043a\u0443\u043b\u0442\u0435\u0442 \u0411\u0440\u0447\u043a\u043e"},"image":{"@id":"https:\/\/www.efb.ues.rs.ba\/#\/schema\/logo\/image\/"}}]}},"_links":{"self":[{"href":"https:\/\/www.efb.ues.rs.ba\/lat\/wp-json\/wp\/v2\/pages\/612"}],"collection":[{"href":"https:\/\/www.efb.ues.rs.ba\/lat\/wp-json\/wp\/v2\/pages"}],"about":[{"href":"https:\/\/www.efb.ues.rs.ba\/lat\/wp-json\/wp\/v2\/types\/page"}],"author":[{"embeddable":true,"href":"https:\/\/www.efb.ues.rs.ba\/lat\/wp-json\/wp\/v2\/users\/2"}],"replies":[{"embeddable":true,"href":"https:\/\/www.efb.ues.rs.ba\/lat\/wp-json\/wp\/v2\/comments?post=612"}],"version-history":[{"count":1,"href":"https:\/\/www.efb.ues.rs.ba\/lat\/wp-json\/wp\/v2\/pages\/612\/revisions"}],"predecessor-version":[{"id":613,"href":"https:\/\/www.efb.ues.rs.ba\/lat\/wp-json\/wp\/v2\/pages\/612\/revisions\/613"}],"wp:attachment":[{"href":"https:\/\/www.efb.ues.rs.ba\/lat\/wp-json\/wp\/v2\/media?parent=612"}],"wp:term":[{"taxonomy":"folder","embeddable":true,"href":"https:\/\/www.efb.ues.rs.ba\/lat\/wp-json\/wp\/v2\/folder?post=612"}],"curies":[{"name":"wp","href":"https:\/\/api.w.org\/{rel}","templated":true}]}}